{"id":4883,"date":"2024-09-06T14:54:43","date_gmt":"2024-09-06T14:54:43","guid":{"rendered":"https:\/\/respiramismares.com\/cursos-online\/?post_type=product&#038;p=4883"},"modified":"2026-03-27T19:33:40","modified_gmt":"2026-03-27T19:33:40","slug":"guiaholisitica","status":"publish","type":"product","link":"https:\/\/respiramismares.com\/cursos-online\/producto\/guiaholisitica\/","title":{"rendered":"Como lograr lo que ya sabes que quieres: Gu\u00eda Hol\u00edstica"},"content":{"rendered":"<p><span class=\"OYPEnA font-feature-liga-off font-feature-clig-off font-feature-calt-off text-decoration-none text-strikethrough-none\">\u00a1Hola! Estoy encantada de darte la bienvenida a este ebook gratuito, &#8220;Descubre como lograr lo que ya sabes que quieres: Una gu\u00eda hol\u00edstica&#8221;. Mi nombre es Camila, soy experta en el uso de herramientas hol\u00edsticas para el desarrollo personal y profesional.<\/span><\/p>\n<p>Descarga sin Cargo tu gu\u00eda aqu\u00ed:<br \/>\nOPCION 1:\u00a0 <a href=\"https:\/\/respiramismares.com\/cursos-online\/wp-content\/uploads\/2024\/09\/Como-lograr-lo-que-quieres-Guia-Holistica.pdf\">Como lograr lo que quieres &#8211; Guia Hol\u00edstica<\/a> Pdf Online<br \/>\nOPCION 2:<a href=\"https:\/\/drive.google.com\/file\/d\/1aqNzHFpx65HloOo8cD7y_-YjiNUS74I_\/view?usp=sharing\">Como lograr lo que quieres &#8211; Guia Hol\u00edstica<\/a>\u00a0Lectura en Drive<\/p>\n<p>&nbsp;<\/p>\n","protected":false},"excerpt":{"rendered":"<p><span class=\"OYPEnA font-feature-liga-off font-feature-clig-off font-feature-calt-off text-decoration-none text-strikethrough-none\">\u00a1Hola! Estoy encantada de darte la bienvenida a este ebook gratuito, &#8220;Descubre como lograr lo que ya sabes que quieres: Una gu\u00eda hol\u00edstica&#8221;.<br \/>\nMi nombre es Camila, soy experta en el uso de herramientas hol\u00edsticas para el desarrollo personal y profesional<br \/>\nDescarga sin Cargo tu gu\u00eda aqu\u00ed:<br \/>\nOPCION 1:\u00a0 <a href=\"https:\/\/respiramismares.com\/cursos-online\/wp-content\/uploads\/2024\/09\/Como-lograr-lo-que-quieres-Guia-Holistica.pdf\">Como lograr lo que quieres &#8211; Guia Hol\u00edstica<\/a> Pdf Online<br \/>\nOPCION 2:<a href=\"https:\/\/drive.google.com\/file\/d\/1aqNzHFpx65HloOo8cD7y_-YjiNUS74I_\/view?usp=sharing\">Como lograr lo que quieres &#8211; Guia Hol\u00edstica<\/a>\u00a0Lectura en Drive<br \/>\n<\/span><\/p>\n","protected":false},"featured_media":4885,"template":"","meta":[],"product_brand":[],"product_cat":[34],"product_tag":[128],"class_list":{"0":"post-4883","1":"product","2":"type-product","3":"status-publish","4":"has-post-thumbnail","6":"product_cat-cursos","7":"product_tag-guiaholistica1","9":"first","10":"instock","11":"sale","12":"downloadable","13":"shipping-taxable","14":"purchasable","15":"product-type-simple"},"yoast_head":"<!-- This site is optimized with the Yoast SEO plugin v27.3 - https:\/\/yoast.com\/product\/yoast-seo-wordpress\/ -->\n<title>Como lograr lo que ya sabes que quieres: Gu\u00eda Hol\u00edstica - Respira Mis Mares<\/title>\n<meta name=\"robots\" content=\"index, follow, max-snippet:-1, max-image-preview:large, max-video-preview:-1\" \/>\n<link rel=\"canonical\" href=\"https:\/\/respiramismares.com\/cursos-online\/producto\/guiaholisitica\/\" \/>\n<meta property=\"og:locale\" content=\"es_ES\" \/>\n<meta property=\"og:type\" content=\"article\" \/>\n<meta property=\"og:title\" content=\"Como lograr lo que ya sabes que quieres: Gu\u00eda Hol\u00edstica - Respira Mis Mares\" \/>\n<meta property=\"og:description\" content=\"\u00a1Hola! Estoy encantada de darte la bienvenida a este ebook gratuito, &quot;Descubre como lograr lo que ya sabes que quieres: Una gu\u00eda hol\u00edstica&quot;. Mi nombre es Camila, soy experta en el uso de herramientas hol\u00edsticas para el desarrollo personal y profesional Descarga sin Cargo tu gu\u00eda aqu\u00ed: OPCION 1:\u00a0 Como lograr lo que quieres - Guia Hol\u00edstica Pdf Online OPCION 2:Como lograr lo que quieres - Guia Hol\u00edstica\u00a0Lectura en Drive\" \/>\n<meta property=\"og:url\" content=\"https:\/\/respiramismares.com\/cursos-online\/producto\/guiaholisitica\/\" \/>\n<meta property=\"og:site_name\" content=\"Respira Mis Mares\" \/>\n<meta property=\"article:publisher\" content=\"https:\/\/www.facebook.com\/respiramismares\/\" \/>\n<meta property=\"article:modified_time\" content=\"2026-03-27T19:33:40+00:00\" \/>\n<meta property=\"og:image\" content=\"https:\/\/respiramismares.com\/cursos-online\/wp-content\/uploads\/2024\/09\/Como-lograr-lo-que-quieres-Guia-Holistica.jpg\" \/>\n\t<meta property=\"og:image:width\" content=\"1410\" \/>\n\t<meta property=\"og:image:height\" content=\"2250\" \/>\n\t<meta property=\"og:image:type\" content=\"image\/jpeg\" \/>\n<meta name=\"twitter:card\" content=\"summary_large_image\" \/>\n<script type=\"application\/ld+json\" class=\"yoast-schema-graph\">{\"@context\":\"https:\\\/\\\/schema.org\",\"@graph\":[{\"@type\":\"WebPage\",\"@id\":\"https:\\\/\\\/respiramismares.com\\\/cursos-online\\\/producto\\\/guiaholisitica\\\/\",\"url\":\"https:\\\/\\\/respiramismares.com\\\/cursos-online\\\/producto\\\/guiaholisitica\\\/\",\"name\":\"Como lograr lo que ya sabes que quieres: Gu\u00eda Hol\u00edstica - Respira Mis Mares\",\"isPartOf\":{\"@id\":\"https:\\\/\\\/respiramismares.com\\\/cursos-online\\\/#website\"},\"primaryImageOfPage\":{\"@id\":\"https:\\\/\\\/respiramismares.com\\\/cursos-online\\\/producto\\\/guiaholisitica\\\/#primaryimage\"},\"image\":{\"@id\":\"https:\\\/\\\/respiramismares.com\\\/cursos-online\\\/producto\\\/guiaholisitica\\\/#primaryimage\"},\"thumbnailUrl\":\"https:\\\/\\\/respiramismares.com\\\/cursos-online\\\/wp-content\\\/uploads\\\/2024\\\/09\\\/Como-lograr-lo-que-quieres-Guia-Holistica.jpg\",\"datePublished\":\"2024-09-06T14:54:43+00:00\",\"dateModified\":\"2026-03-27T19:33:40+00:00\",\"breadcrumb\":{\"@id\":\"https:\\\/\\\/respiramismares.com\\\/cursos-online\\\/producto\\\/guiaholisitica\\\/#breadcrumb\"},\"inLanguage\":\"es\",\"potentialAction\":[{\"@type\":\"ReadAction\",\"target\":[\"https:\\\/\\\/respiramismares.com\\\/cursos-online\\\/producto\\\/guiaholisitica\\\/\"]}]},{\"@type\":\"ImageObject\",\"inLanguage\":\"es\",\"@id\":\"https:\\\/\\\/respiramismares.com\\\/cursos-online\\\/producto\\\/guiaholisitica\\\/#primaryimage\",\"url\":\"https:\\\/\\\/respiramismares.com\\\/cursos-online\\\/wp-content\\\/uploads\\\/2024\\\/09\\\/Como-lograr-lo-que-quieres-Guia-Holistica.jpg\",\"contentUrl\":\"https:\\\/\\\/respiramismares.com\\\/cursos-online\\\/wp-content\\\/uploads\\\/2024\\\/09\\\/Como-lograr-lo-que-quieres-Guia-Holistica.jpg\",\"width\":1410,\"height\":2250},{\"@type\":\"BreadcrumbList\",\"@id\":\"https:\\\/\\\/respiramismares.com\\\/cursos-online\\\/producto\\\/guiaholisitica\\\/#breadcrumb\",\"itemListElement\":[{\"@type\":\"ListItem\",\"position\":1,\"name\":\"Home\",\"item\":\"https:\\\/\\\/respiramismares.com\\\/cursos-online\\\/\"},{\"@type\":\"ListItem\",\"position\":2,\"name\":\"Tienda\",\"item\":\"https:\\\/\\\/respiramismares.com\\\/cursos-online\\\/tienda\\\/\"},{\"@type\":\"ListItem\",\"position\":3,\"name\":\"Como lograr lo que ya sabes que quieres: Gu\u00eda Hol\u00edstica\"}]},{\"@type\":\"WebSite\",\"@id\":\"https:\\\/\\\/respiramismares.com\\\/cursos-online\\\/#website\",\"url\":\"https:\\\/\\\/respiramismares.com\\\/cursos-online\\\/\",\"name\":\"Respira Mis Mares\",\"description\":\"Camila Fern\u00e1ndez\",\"publisher\":{\"@id\":\"https:\\\/\\\/respiramismares.com\\\/cursos-online\\\/#organization\"},\"alternateName\":\"Camila Fern\u00e1ndez - Psicoterapeuta Cu\u00e1ntica y Gu\u00eda Bienestar mental, emocional y espiritual\",\"potentialAction\":[{\"@type\":\"SearchAction\",\"target\":{\"@type\":\"EntryPoint\",\"urlTemplate\":\"https:\\\/\\\/respiramismares.com\\\/cursos-online\\\/?s={search_term_string}\"},\"query-input\":{\"@type\":\"PropertyValueSpecification\",\"valueRequired\":true,\"valueName\":\"search_term_string\"}}],\"inLanguage\":\"es\"},{\"@type\":\"Organization\",\"@id\":\"https:\\\/\\\/respiramismares.com\\\/cursos-online\\\/#organization\",\"name\":\"Respira Mis Mares\",\"alternateName\":\"Camila Fern\u00e1ndez - Psicoterapeuta Cu\u00e1ntica y Gu\u00eda Bienestar mental, emocional y espiritual\",\"url\":\"https:\\\/\\\/respiramismares.com\\\/cursos-online\\\/\",\"logo\":{\"@type\":\"ImageObject\",\"inLanguage\":\"es\",\"@id\":\"https:\\\/\\\/respiramismares.com\\\/cursos-online\\\/#\\\/schema\\\/logo\\\/image\\\/\",\"url\":\"https:\\\/\\\/respiramismares.com\\\/cursos-online\\\/wp-content\\\/uploads\\\/2021\\\/01\\\/logop2.png\",\"contentUrl\":\"https:\\\/\\\/respiramismares.com\\\/cursos-online\\\/wp-content\\\/uploads\\\/2021\\\/01\\\/logop2.png\",\"width\":972,\"height\":259,\"caption\":\"Respira Mis Mares\"},\"image\":{\"@id\":\"https:\\\/\\\/respiramismares.com\\\/cursos-online\\\/#\\\/schema\\\/logo\\\/image\\\/\"},\"sameAs\":[\"https:\\\/\\\/www.facebook.com\\\/respiramismares\\\/\",\"https:\\\/\\\/www.instagram.com\\\/respiramismares\\\/\"]}]}<\/script>\n<!-- \/ Yoast SEO plugin. -->","yoast_head_json":{"title":"Como lograr lo que ya sabes que quieres: Gu\u00eda Hol\u00edstica - Respira Mis Mares","robots":{"index":"index","follow":"follow","max-snippet":"max-snippet:-1","max-image-preview":"max-image-preview:large","max-video-preview":"max-video-preview:-1"},"canonical":"https:\/\/respiramismares.com\/cursos-online\/producto\/guiaholisitica\/","og_locale":"es_ES","og_type":"article","og_title":"Como lograr lo que ya sabes que quieres: Gu\u00eda Hol\u00edstica - Respira Mis Mares","og_description":"\u00a1Hola! Estoy encantada de darte la bienvenida a este ebook gratuito, \"Descubre como lograr lo que ya sabes que quieres: Una gu\u00eda hol\u00edstica\". Mi nombre es Camila, soy experta en el uso de herramientas hol\u00edsticas para el desarrollo personal y profesional Descarga sin Cargo tu gu\u00eda aqu\u00ed: OPCION 1:\u00a0 Como lograr lo que quieres - Guia Hol\u00edstica Pdf Online OPCION 2:Como lograr lo que quieres - Guia Hol\u00edstica\u00a0Lectura en Drive","og_url":"https:\/\/respiramismares.com\/cursos-online\/producto\/guiaholisitica\/","og_site_name":"Respira Mis Mares","article_publisher":"https:\/\/www.facebook.com\/respiramismares\/","article_modified_time":"2026-03-27T19:33:40+00:00","og_image":[{"width":1410,"height":2250,"url":"https:\/\/respiramismares.com\/cursos-online\/wp-content\/uploads\/2024\/09\/Como-lograr-lo-que-quieres-Guia-Holistica.jpg","type":"image\/jpeg"}],"twitter_card":"summary_large_image","schema":{"@context":"https:\/\/schema.org","@graph":[{"@type":"WebPage","@id":"https:\/\/respiramismares.com\/cursos-online\/producto\/guiaholisitica\/","url":"https:\/\/respiramismares.com\/cursos-online\/producto\/guiaholisitica\/","name":"Como lograr lo que ya sabes que quieres: Gu\u00eda Hol\u00edstica - Respira Mis Mares","isPartOf":{"@id":"https:\/\/respiramismares.com\/cursos-online\/#website"},"primaryImageOfPage":{"@id":"https:\/\/respiramismares.com\/cursos-online\/producto\/guiaholisitica\/#primaryimage"},"image":{"@id":"https:\/\/respiramismares.com\/cursos-online\/producto\/guiaholisitica\/#primaryimage"},"thumbnailUrl":"https:\/\/respiramismares.com\/cursos-online\/wp-content\/uploads\/2024\/09\/Como-lograr-lo-que-quieres-Guia-Holistica.jpg","datePublished":"2024-09-06T14:54:43+00:00","dateModified":"2026-03-27T19:33:40+00:00","breadcrumb":{"@id":"https:\/\/respiramismares.com\/cursos-online\/producto\/guiaholisitica\/#breadcrumb"},"inLanguage":"es","potentialAction":[{"@type":"ReadAction","target":["https:\/\/respiramismares.com\/cursos-online\/producto\/guiaholisitica\/"]}]},{"@type":"ImageObject","inLanguage":"es","@id":"https:\/\/respiramismares.com\/cursos-online\/producto\/guiaholisitica\/#primaryimage","url":"https:\/\/respiramismares.com\/cursos-online\/wp-content\/uploads\/2024\/09\/Como-lograr-lo-que-quieres-Guia-Holistica.jpg","contentUrl":"https:\/\/respiramismares.com\/cursos-online\/wp-content\/uploads\/2024\/09\/Como-lograr-lo-que-quieres-Guia-Holistica.jpg","width":1410,"height":2250},{"@type":"BreadcrumbList","@id":"https:\/\/respiramismares.com\/cursos-online\/producto\/guiaholisitica\/#breadcrumb","itemListElement":[{"@type":"ListItem","position":1,"name":"Home","item":"https:\/\/respiramismares.com\/cursos-online\/"},{"@type":"ListItem","position":2,"name":"Tienda","item":"https:\/\/respiramismares.com\/cursos-online\/tienda\/"},{"@type":"ListItem","position":3,"name":"Como lograr lo que ya sabes que quieres: Gu\u00eda Hol\u00edstica"}]},{"@type":"WebSite","@id":"https:\/\/respiramismares.com\/cursos-online\/#website","url":"https:\/\/respiramismares.com\/cursos-online\/","name":"Respira Mis Mares","description":"Camila Fern\u00e1ndez","publisher":{"@id":"https:\/\/respiramismares.com\/cursos-online\/#organization"},"alternateName":"Camila Fern\u00e1ndez - Psicoterapeuta Cu\u00e1ntica y Gu\u00eda Bienestar mental, emocional y espiritual","potentialAction":[{"@type":"SearchAction","target":{"@type":"EntryPoint","urlTemplate":"https:\/\/respiramismares.com\/cursos-online\/?s={search_term_string}"},"query-input":{"@type":"PropertyValueSpecification","valueRequired":true,"valueName":"search_term_string"}}],"inLanguage":"es"},{"@type":"Organization","@id":"https:\/\/respiramismares.com\/cursos-online\/#organization","name":"Respira Mis Mares","alternateName":"Camila Fern\u00e1ndez - Psicoterapeuta Cu\u00e1ntica y Gu\u00eda Bienestar mental, emocional y espiritual","url":"https:\/\/respiramismares.com\/cursos-online\/","logo":{"@type":"ImageObject","inLanguage":"es","@id":"https:\/\/respiramismares.com\/cursos-online\/#\/schema\/logo\/image\/","url":"https:\/\/respiramismares.com\/cursos-online\/wp-content\/uploads\/2021\/01\/logop2.png","contentUrl":"https:\/\/respiramismares.com\/cursos-online\/wp-content\/uploads\/2021\/01\/logop2.png","width":972,"height":259,"caption":"Respira Mis Mares"},"image":{"@id":"https:\/\/respiramismares.com\/cursos-online\/#\/schema\/logo\/image\/"},"sameAs":["https:\/\/www.facebook.com\/respiramismares\/","https:\/\/www.instagram.com\/respiramismares\/"]}]}},"_links":{"self":[{"href":"https:\/\/respiramismares.com\/cursos-online\/wp-json\/wp\/v2\/product\/4883","targetHints":{"allow":["GET"]}}],"collection":[{"href":"https:\/\/respiramismares.com\/cursos-online\/wp-json\/wp\/v2\/product"}],"about":[{"href":"https:\/\/respiramismares.com\/cursos-online\/wp-json\/wp\/v2\/types\/product"}],"wp:featuredmedia":[{"embeddable":true,"href":"https:\/\/respiramismares.com\/cursos-online\/wp-json\/wp\/v2\/media\/4885"}],"wp:attachment":[{"href":"https:\/\/respiramismares.com\/cursos-online\/wp-json\/wp\/v2\/media?parent=4883"}],"wp:term":[{"taxonomy":"product_brand","embeddable":true,"href":"https:\/\/respiramismares.com\/cursos-online\/wp-json\/wp\/v2\/product_brand?post=4883"},{"taxonomy":"product_cat","embeddable":true,"href":"https:\/\/respiramismares.com\/cursos-online\/wp-json\/wp\/v2\/product_cat?post=4883"},{"taxonomy":"product_tag","embeddable":true,"href":"https:\/\/respiramismares.com\/cursos-online\/wp-json\/wp\/v2\/product_tag?post=4883"}],"curies":[{"name":"wp","href":"https:\/\/api.w.org\/{rel}","templated":true}]}}