{"id":4737,"date":"2024-02-02T20:36:19","date_gmt":"2024-02-02T20:36:19","guid":{"rendered":"https:\/\/respiramismares.com\/cursos-online\/?post_type=product&#038;p=4737"},"modified":"2024-02-02T20:36:20","modified_gmt":"2024-02-02T20:36:20","slug":"negocio-exitoso","status":"publish","type":"product","link":"https:\/\/respiramismares.com\/cursos-online\/producto\/negocio-exitoso\/","title":{"rendered":"Negocio Exitoso"},"content":{"rendered":"<p data-pm-slice=\"1 1 []\"><strong>\ud83d\ude4b\ud83c\udffb\u200d\u2640\ufe0f Descubre el \u00c9xito desde la Biodescodificaci\u00f3n y la Energ\u00eda Cu\u00e1ntica y Transforma tu negocio o emprendimiento desde la ra\u00edz<\/strong><\/p>\n<p>Hola!<br \/>\nEspero que este mensaje te encuentre excelente.<br \/>\nEstoy emocionada de invitarte al workshop exclusivo: <strong>Negocio Exitoso<\/strong>, donde exploraremos juntos c\u00f3mo llevar tu negocio o emprendimiento al siguiente nivel desde la biodescodificaci\u00f3n y la energ\u00eda cu\u00e1ntica.<\/p>\n<p>Se que a veces los negocios, proyectos y emprendimientos pueden estancarse o si estamos por iniciar uno nuevo tenemos dudad y miedo, y es por esa raz\u00f3n que cree este workshop para compartirte los conocimientos adecuados para llevar tu emprendimiento al \u00e9xito, ahorrando tiempo y esfuerzo para lograr tus objetivos.<\/p>\n<p>&nbsp;<\/p>\n<p>\ud83d\udd0d En este evento revelador descubrir\u00e1s:<\/p>\n<p>\u2714\ufe0f \u00bfQu\u00e9 requiere tu negocio y energ\u00eda para funcionar de manera \u00f3ptima?<\/p>\n<p>\u2060\u2714\ufe0f Un nuevo m\u00e9todo para diagnosticar si tu negocio est\u00e1 en el camino correcto y entender por qu\u00e9 no funciona.<\/p>\n<p>\u2714\ufe0f Estrategias para generar y atraer m\u00e1s clientes de manera efectiva.<\/p>\n<p>\u2714\ufe0f C\u00f3mo vincular adecuadamente tu energ\u00eda con la de tu emprendimiento para potenciar resultados.<\/p>\n<p>\u2714\ufe0f Secretos para mejorar la productividad y la toma de decisiones en tu negocio.<\/p>\n<p>\u2060\u2714\ufe0f Claves para establecer metas claras y alcanzables en tu emprendimiento.<\/p>\n<p>\u2714\ufe0f T\u00e9cnicas pr\u00e1cticas de marketing que destacar\u00e1n tu negocio en el mercado.<\/p>\n<p>\u2714\ufe0f C\u00f3mo superar bloqueos mentales y emocionales que frenan tu crecimiento empresarial.<\/p>\n<p>\u2714\ufe0f Estrategias financieras para maximizar los beneficios de tu emprendimiento.<\/p>\n<p>\u2714\ufe0f Herramientas de automotivaci\u00f3n y gesti\u00f3n del tiempo para emprendedores exitosos.<\/p>\n<p>\u00a1Reserva tu lugar antes del viernes 9 de febrero! \ud83c\udf10\u2728<\/p>\n<p>\ud83d\udcf2 <strong>Reserva tu lugar hoy cupos limitados.<\/strong><\/p>\n<p>\ud83d\ude4b\ud83c\udffb\u200d\u2640\ufe0fSolo para personas comprometidas con si desarrollo personal y profesional. Vamos a lograr un 2024 de negocio exitoso desde la bio y la energ\u00eda cu\u00e1ntica.<\/p>\n<p>\ud83d\udcc6 S\u00e1bado 10\/02<\/p>\n<p>\u23f0 07am \ud83c\udde6\ud83c\uddf7 \/ 11hs \ud83c\uddea\ud83c\uddf8<\/p>\n<p>\ud83d\udc69\ud83c\udffb\u200d\ud83d\udcbb Online &#8211; zoom (Queda grabado) se envia link en privado<\/p>\n<p>\ud83d\udcda Material de lectura<\/p>\n<p>\u23f3Duraci\u00f3n 2hs aproximadamente<\/p>\n<p>&nbsp;<\/p>\n<p>\ud83e\uddffNos vemos dentro! Bienvenida\/o a tu oportunidad de transformaci\u00f3n y resultados!<\/p>\n<p>RESERVA AHORA<\/p>\n","protected":false},"excerpt":{"rendered":"<p data-pm-slice=\"1 1 []\"><strong>\ud83d\ude4b\ud83c\udffb\u200d\u2640\ufe0f Descubre el \u00c9xito desde la Biodescodificaci\u00f3n y la Energ\u00eda Cu\u00e1ntica y Transforma tu negocio o emprendimiento desde la ra\u00edz<\/strong><\/p>\n<p>Hola!<br \/>\nEspero que este mensaje te encuentre excelente.<br \/>\nEstoy emocionada de invitarte al workshop exclusivo: <strong>Negocio Exitoso<\/strong>, donde exploraremos juntos c\u00f3mo llevar tu negocio o emprendimiento al siguiente nivel desde la biodescodificaci\u00f3n y la energ\u00eda cu\u00e1ntica.<\/p>\n<p>Se que a veces los negocios, proyectos y emprendimientos pueden estancarse o si estamos por iniciar uno nuevo tenemos dudad y miedo, y es por esa raz\u00f3n que cree este workshop para compartirte los conocimientos adecuados para llevar tu emprendimiento al \u00e9xito, ahorrando tiempo y esfuerzo para lograr tus objetivos.<\/p>\n<p>&nbsp;<\/p>\n<p>\ud83d\udd0d En este evento revelador descubrir\u00e1s:<\/p>\n<p>\u2714\ufe0f \u00bfQu\u00e9 requiere tu negocio y energ\u00eda para funcionar de manera \u00f3ptima?<\/p>\n<p>\u2060\u2714\ufe0f Un nuevo m\u00e9todo para diagnosticar si tu negocio est\u00e1 en el camino correcto y entender por qu\u00e9 no funciona.<\/p>\n<p>\u2714\ufe0f Estrategias para generar y atraer m\u00e1s clientes de manera efectiva.<\/p>\n<p>\u2714\ufe0f C\u00f3mo vincular adecuadamente tu energ\u00eda con la de tu emprendimiento para potenciar resultados.<\/p>\n<p>\u2714\ufe0f Secretos para mejorar la productividad y la toma de decisiones en tu negocio.<\/p>\n<p>\u2060\u2714\ufe0f Claves para establecer metas claras y alcanzables en tu emprendimiento.<\/p>\n<p>\u2714\ufe0f T\u00e9cnicas pr\u00e1cticas de marketing que destacar\u00e1n tu negocio en el mercado.<\/p>\n<p>\u2714\ufe0f C\u00f3mo superar bloqueos mentales y emocionales que frenan tu crecimiento empresarial.<\/p>\n<p>\u2714\ufe0f Estrategias financieras para maximizar los beneficios de tu emprendimiento.<\/p>\n<p>\u2714\ufe0f Herramientas de automotivaci\u00f3n y gesti\u00f3n del tiempo para emprendedores exitosos.<\/p>\n<p>\u00a1Reserva tu lugar antes del viernes 9 de febrero! \ud83c\udf10\u2728<\/p>\n<p>\ud83d\udcf2 <strong>Reserva tu lugar hoy cupos limitados.<\/strong><\/p>\n<p>\ud83d\ude4b\ud83c\udffb\u200d\u2640\ufe0fSolo para personas comprometidas con si desarrollo personal y profesional. Vamos a lograr un 2024 de negocio exitoso desde la bio y la energ\u00eda cu\u00e1ntica.<\/p>\n<p>\ud83d\udcc6 S\u00e1bado 10\/02<\/p>\n<p>\u23f0 07am \ud83c\udde6\ud83c\uddf7 \/ 11hs \ud83c\uddea\ud83c\uddf8<\/p>\n<p>\ud83d\udc69\ud83c\udffb\u200d\ud83d\udcbb Online &#8211; zoom (Queda grabado) se envia link en privado<\/p>\n<p>\ud83d\udcda Material de lectura<\/p>\n<p>\u23f3Duraci\u00f3n 2hs aproximadamente<\/p>\n<p>&nbsp;<\/p>\n<p>\ud83e\uddffNos vemos dentro! Bienvenida\/o a tu oportunidad de transformaci\u00f3n y resultados!<\/p>\n<p>RESERVA AHORA<\/p>\n","protected":false},"featured_media":4738,"template":"","meta":[],"product_brand":[],"product_cat":[34],"product_tag":[],"class_list":{"0":"post-4737","1":"product","2":"type-product","3":"status-publish","4":"has-post-thumbnail","6":"product_cat-cursos","8":"first","9":"instock","10":"sale","11":"shipping-taxable","12":"purchasable","13":"product-type-simple"},"yoast_head":"<!-- This site is optimized with the Yoast SEO plugin v27.3 - https:\/\/yoast.com\/product\/yoast-seo-wordpress\/ -->\n<title>Negocio Exitoso - Respira Mis Mares<\/title>\n<meta name=\"robots\" content=\"index, follow, max-snippet:-1, max-image-preview:large, max-video-preview:-1\" \/>\n<link rel=\"canonical\" href=\"https:\/\/respiramismares.com\/cursos-online\/producto\/negocio-exitoso\/\" \/>\n<meta property=\"og:locale\" content=\"es_ES\" \/>\n<meta property=\"og:type\" content=\"article\" \/>\n<meta property=\"og:title\" content=\"Negocio Exitoso - Respira Mis Mares\" \/>\n<meta property=\"og:description\" content=\"\ud83d\ude4b\ud83c\udffb\u200d\u2640\ufe0f Descubre el \u00c9xito desde la Biodescodificaci\u00f3n y la Energ\u00eda Cu\u00e1ntica y Transforma tu negocio o emprendimiento desde la ra\u00edz Hola! Espero que este mensaje te encuentre excelente. Estoy emocionada de invitarte al workshop exclusivo: Negocio Exitoso, donde exploraremos juntos c\u00f3mo llevar tu negocio o emprendimiento al siguiente nivel desde la biodescodificaci\u00f3n y la energ\u00eda cu\u00e1ntica.  Se que a veces los negocios, proyectos y emprendimientos pueden estancarse o si estamos por iniciar uno nuevo tenemos dudad y miedo, y es por esa raz\u00f3n que cree este workshop para compartirte los conocimientos adecuados para llevar tu emprendimiento al \u00e9xito, ahorrando tiempo y esfuerzo para lograr tus objetivos.  &nbsp;  \ud83d\udd0d En este evento revelador descubrir\u00e1s:  \u2714\ufe0f \u00bfQu\u00e9 requiere tu negocio y energ\u00eda para funcionar de manera \u00f3ptima?  \u2060\u2714\ufe0f Un nuevo m\u00e9todo para diagnosticar si tu negocio est\u00e1 en el camino correcto y entender por qu\u00e9 no funciona.  \u2714\ufe0f Estrategias para generar y atraer m\u00e1s clientes de manera efectiva.  \u2714\ufe0f C\u00f3mo vincular adecuadamente tu energ\u00eda con la de tu emprendimiento para potenciar resultados.  \u2714\ufe0f Secretos para mejorar la productividad y la toma de decisiones en tu negocio.  \u2060\u2714\ufe0f Claves para establecer metas claras y alcanzables en tu emprendimiento.  \u2714\ufe0f T\u00e9cnicas pr\u00e1cticas de marketing que destacar\u00e1n tu negocio en el mercado.  \u2714\ufe0f C\u00f3mo superar bloqueos mentales y emocionales que frenan tu crecimiento empresarial.  \u2714\ufe0f Estrategias financieras para maximizar los beneficios de tu emprendimiento.  \u2714\ufe0f Herramientas de automotivaci\u00f3n y gesti\u00f3n del tiempo para emprendedores exitosos.  \u00a1Reserva tu lugar antes del viernes 9 de febrero! \ud83c\udf10\u2728  \ud83d\udcf2 Reserva tu lugar hoy cupos limitados.  \ud83d\ude4b\ud83c\udffb\u200d\u2640\ufe0fSolo para personas comprometidas con si desarrollo personal y profesional. Vamos a lograr un 2024 de negocio exitoso desde la bio y la energ\u00eda cu\u00e1ntica.  \ud83d\udcc6 S\u00e1bado 10\/02  \u23f0 07am \ud83c\udde6\ud83c\uddf7 \/ 11hs \ud83c\uddea\ud83c\uddf8  \ud83d\udc69\ud83c\udffb\u200d\ud83d\udcbb Online - zoom (Queda grabado) se envia link en privado  \ud83d\udcda Material de lectura  \u23f3Duraci\u00f3n 2hs aproximadamente  &nbsp;  \ud83e\uddffNos vemos dentro! Bienvenida\/o a tu oportunidad de transformaci\u00f3n y resultados!  RESERVA AHORA\" \/>\n<meta property=\"og:url\" content=\"https:\/\/respiramismares.com\/cursos-online\/producto\/negocio-exitoso\/\" \/>\n<meta property=\"og:site_name\" content=\"Respira Mis Mares\" \/>\n<meta property=\"article:publisher\" content=\"https:\/\/www.facebook.com\/respiramismares\/\" \/>\n<meta property=\"article:modified_time\" content=\"2024-02-02T20:36:20+00:00\" \/>\n<meta property=\"og:image\" content=\"https:\/\/respiramismares.com\/cursos-online\/wp-content\/uploads\/2024\/02\/WhatsApp-Image-2024-02-02-at-20.13.10.jpeg\" \/>\n\t<meta property=\"og:image:width\" content=\"1080\" \/>\n\t<meta property=\"og:image:height\" content=\"1080\" \/>\n\t<meta property=\"og:image:type\" content=\"image\/jpeg\" \/>\n<meta name=\"twitter:card\" content=\"summary_large_image\" \/>\n<script type=\"application\/ld+json\" class=\"yoast-schema-graph\">{\"@context\":\"https:\\\/\\\/schema.org\",\"@graph\":[{\"@type\":\"WebPage\",\"@id\":\"https:\\\/\\\/respiramismares.com\\\/cursos-online\\\/producto\\\/negocio-exitoso\\\/\",\"url\":\"https:\\\/\\\/respiramismares.com\\\/cursos-online\\\/producto\\\/negocio-exitoso\\\/\",\"name\":\"Negocio Exitoso - Respira Mis Mares\",\"isPartOf\":{\"@id\":\"https:\\\/\\\/respiramismares.com\\\/cursos-online\\\/#website\"},\"primaryImageOfPage\":{\"@id\":\"https:\\\/\\\/respiramismares.com\\\/cursos-online\\\/producto\\\/negocio-exitoso\\\/#primaryimage\"},\"image\":{\"@id\":\"https:\\\/\\\/respiramismares.com\\\/cursos-online\\\/producto\\\/negocio-exitoso\\\/#primaryimage\"},\"thumbnailUrl\":\"https:\\\/\\\/respiramismares.com\\\/cursos-online\\\/wp-content\\\/uploads\\\/2024\\\/02\\\/WhatsApp-Image-2024-02-02-at-20.13.10.jpeg\",\"datePublished\":\"2024-02-02T20:36:19+00:00\",\"dateModified\":\"2024-02-02T20:36:20+00:00\",\"breadcrumb\":{\"@id\":\"https:\\\/\\\/respiramismares.com\\\/cursos-online\\\/producto\\\/negocio-exitoso\\\/#breadcrumb\"},\"inLanguage\":\"es\",\"potentialAction\":[{\"@type\":\"ReadAction\",\"target\":[\"https:\\\/\\\/respiramismares.com\\\/cursos-online\\\/producto\\\/negocio-exitoso\\\/\"]}]},{\"@type\":\"ImageObject\",\"inLanguage\":\"es\",\"@id\":\"https:\\\/\\\/respiramismares.com\\\/cursos-online\\\/producto\\\/negocio-exitoso\\\/#primaryimage\",\"url\":\"https:\\\/\\\/respiramismares.com\\\/cursos-online\\\/wp-content\\\/uploads\\\/2024\\\/02\\\/WhatsApp-Image-2024-02-02-at-20.13.10.jpeg\",\"contentUrl\":\"https:\\\/\\\/respiramismares.com\\\/cursos-online\\\/wp-content\\\/uploads\\\/2024\\\/02\\\/WhatsApp-Image-2024-02-02-at-20.13.10.jpeg\",\"width\":1080,\"height\":1080},{\"@type\":\"BreadcrumbList\",\"@id\":\"https:\\\/\\\/respiramismares.com\\\/cursos-online\\\/producto\\\/negocio-exitoso\\\/#breadcrumb\",\"itemListElement\":[{\"@type\":\"ListItem\",\"position\":1,\"name\":\"Home\",\"item\":\"https:\\\/\\\/respiramismares.com\\\/cursos-online\\\/\"},{\"@type\":\"ListItem\",\"position\":2,\"name\":\"Tienda\",\"item\":\"https:\\\/\\\/respiramismares.com\\\/cursos-online\\\/tienda\\\/\"},{\"@type\":\"ListItem\",\"position\":3,\"name\":\"Negocio Exitoso\"}]},{\"@type\":\"WebSite\",\"@id\":\"https:\\\/\\\/respiramismares.com\\\/cursos-online\\\/#website\",\"url\":\"https:\\\/\\\/respiramismares.com\\\/cursos-online\\\/\",\"name\":\"Respira Mis Mares\",\"description\":\"Camila Fern\u00e1ndez\",\"publisher\":{\"@id\":\"https:\\\/\\\/respiramismares.com\\\/cursos-online\\\/#organization\"},\"alternateName\":\"Camila Fern\u00e1ndez - Psicoterapeuta Cu\u00e1ntica y Gu\u00eda Bienestar mental, emocional y espiritual\",\"potentialAction\":[{\"@type\":\"SearchAction\",\"target\":{\"@type\":\"EntryPoint\",\"urlTemplate\":\"https:\\\/\\\/respiramismares.com\\\/cursos-online\\\/?s={search_term_string}\"},\"query-input\":{\"@type\":\"PropertyValueSpecification\",\"valueRequired\":true,\"valueName\":\"search_term_string\"}}],\"inLanguage\":\"es\"},{\"@type\":\"Organization\",\"@id\":\"https:\\\/\\\/respiramismares.com\\\/cursos-online\\\/#organization\",\"name\":\"Respira Mis Mares\",\"alternateName\":\"Camila Fern\u00e1ndez - Psicoterapeuta Cu\u00e1ntica y Gu\u00eda Bienestar mental, emocional y espiritual\",\"url\":\"https:\\\/\\\/respiramismares.com\\\/cursos-online\\\/\",\"logo\":{\"@type\":\"ImageObject\",\"inLanguage\":\"es\",\"@id\":\"https:\\\/\\\/respiramismares.com\\\/cursos-online\\\/#\\\/schema\\\/logo\\\/image\\\/\",\"url\":\"https:\\\/\\\/respiramismares.com\\\/cursos-online\\\/wp-content\\\/uploads\\\/2021\\\/01\\\/logop2.png\",\"contentUrl\":\"https:\\\/\\\/respiramismares.com\\\/cursos-online\\\/wp-content\\\/uploads\\\/2021\\\/01\\\/logop2.png\",\"width\":972,\"height\":259,\"caption\":\"Respira Mis Mares\"},\"image\":{\"@id\":\"https:\\\/\\\/respiramismares.com\\\/cursos-online\\\/#\\\/schema\\\/logo\\\/image\\\/\"},\"sameAs\":[\"https:\\\/\\\/www.facebook.com\\\/respiramismares\\\/\",\"https:\\\/\\\/www.instagram.com\\\/respiramismares\\\/\"]}]}<\/script>\n<!-- \/ Yoast SEO plugin. -->","yoast_head_json":{"title":"Negocio Exitoso - Respira Mis Mares","robots":{"index":"index","follow":"follow","max-snippet":"max-snippet:-1","max-image-preview":"max-image-preview:large","max-video-preview":"max-video-preview:-1"},"canonical":"https:\/\/respiramismares.com\/cursos-online\/producto\/negocio-exitoso\/","og_locale":"es_ES","og_type":"article","og_title":"Negocio Exitoso - Respira Mis Mares","og_description":"\ud83d\ude4b\ud83c\udffb\u200d\u2640\ufe0f Descubre el \u00c9xito desde la Biodescodificaci\u00f3n y la Energ\u00eda Cu\u00e1ntica y Transforma tu negocio o emprendimiento desde la ra\u00edz Hola! Espero que este mensaje te encuentre excelente. Estoy emocionada de invitarte al workshop exclusivo: Negocio Exitoso, donde exploraremos juntos c\u00f3mo llevar tu negocio o emprendimiento al siguiente nivel desde la biodescodificaci\u00f3n y la energ\u00eda cu\u00e1ntica.  Se que a veces los negocios, proyectos y emprendimientos pueden estancarse o si estamos por iniciar uno nuevo tenemos dudad y miedo, y es por esa raz\u00f3n que cree este workshop para compartirte los conocimientos adecuados para llevar tu emprendimiento al \u00e9xito, ahorrando tiempo y esfuerzo para lograr tus objetivos.  &nbsp;  \ud83d\udd0d En este evento revelador descubrir\u00e1s:  \u2714\ufe0f \u00bfQu\u00e9 requiere tu negocio y energ\u00eda para funcionar de manera \u00f3ptima?  \u2060\u2714\ufe0f Un nuevo m\u00e9todo para diagnosticar si tu negocio est\u00e1 en el camino correcto y entender por qu\u00e9 no funciona.  \u2714\ufe0f Estrategias para generar y atraer m\u00e1s clientes de manera efectiva.  \u2714\ufe0f C\u00f3mo vincular adecuadamente tu energ\u00eda con la de tu emprendimiento para potenciar resultados.  \u2714\ufe0f Secretos para mejorar la productividad y la toma de decisiones en tu negocio.  \u2060\u2714\ufe0f Claves para establecer metas claras y alcanzables en tu emprendimiento.  \u2714\ufe0f T\u00e9cnicas pr\u00e1cticas de marketing que destacar\u00e1n tu negocio en el mercado.  \u2714\ufe0f C\u00f3mo superar bloqueos mentales y emocionales que frenan tu crecimiento empresarial.  \u2714\ufe0f Estrategias financieras para maximizar los beneficios de tu emprendimiento.  \u2714\ufe0f Herramientas de automotivaci\u00f3n y gesti\u00f3n del tiempo para emprendedores exitosos.  \u00a1Reserva tu lugar antes del viernes 9 de febrero! \ud83c\udf10\u2728  \ud83d\udcf2 Reserva tu lugar hoy cupos limitados.  \ud83d\ude4b\ud83c\udffb\u200d\u2640\ufe0fSolo para personas comprometidas con si desarrollo personal y profesional. Vamos a lograr un 2024 de negocio exitoso desde la bio y la energ\u00eda cu\u00e1ntica.  \ud83d\udcc6 S\u00e1bado 10\/02  \u23f0 07am \ud83c\udde6\ud83c\uddf7 \/ 11hs \ud83c\uddea\ud83c\uddf8  \ud83d\udc69\ud83c\udffb\u200d\ud83d\udcbb Online - zoom (Queda grabado) se envia link en privado  \ud83d\udcda Material de lectura  \u23f3Duraci\u00f3n 2hs aproximadamente  &nbsp;  \ud83e\uddffNos vemos dentro! Bienvenida\/o a tu oportunidad de transformaci\u00f3n y resultados!  RESERVA AHORA","og_url":"https:\/\/respiramismares.com\/cursos-online\/producto\/negocio-exitoso\/","og_site_name":"Respira Mis Mares","article_publisher":"https:\/\/www.facebook.com\/respiramismares\/","article_modified_time":"2024-02-02T20:36:20+00:00","og_image":[{"width":1080,"height":1080,"url":"https:\/\/respiramismares.com\/cursos-online\/wp-content\/uploads\/2024\/02\/WhatsApp-Image-2024-02-02-at-20.13.10.jpeg","type":"image\/jpeg"}],"twitter_card":"summary_large_image","schema":{"@context":"https:\/\/schema.org","@graph":[{"@type":"WebPage","@id":"https:\/\/respiramismares.com\/cursos-online\/producto\/negocio-exitoso\/","url":"https:\/\/respiramismares.com\/cursos-online\/producto\/negocio-exitoso\/","name":"Negocio Exitoso - Respira Mis Mares","isPartOf":{"@id":"https:\/\/respiramismares.com\/cursos-online\/#website"},"primaryImageOfPage":{"@id":"https:\/\/respiramismares.com\/cursos-online\/producto\/negocio-exitoso\/#primaryimage"},"image":{"@id":"https:\/\/respiramismares.com\/cursos-online\/producto\/negocio-exitoso\/#primaryimage"},"thumbnailUrl":"https:\/\/respiramismares.com\/cursos-online\/wp-content\/uploads\/2024\/02\/WhatsApp-Image-2024-02-02-at-20.13.10.jpeg","datePublished":"2024-02-02T20:36:19+00:00","dateModified":"2024-02-02T20:36:20+00:00","breadcrumb":{"@id":"https:\/\/respiramismares.com\/cursos-online\/producto\/negocio-exitoso\/#breadcrumb"},"inLanguage":"es","potentialAction":[{"@type":"ReadAction","target":["https:\/\/respiramismares.com\/cursos-online\/producto\/negocio-exitoso\/"]}]},{"@type":"ImageObject","inLanguage":"es","@id":"https:\/\/respiramismares.com\/cursos-online\/producto\/negocio-exitoso\/#primaryimage","url":"https:\/\/respiramismares.com\/cursos-online\/wp-content\/uploads\/2024\/02\/WhatsApp-Image-2024-02-02-at-20.13.10.jpeg","contentUrl":"https:\/\/respiramismares.com\/cursos-online\/wp-content\/uploads\/2024\/02\/WhatsApp-Image-2024-02-02-at-20.13.10.jpeg","width":1080,"height":1080},{"@type":"BreadcrumbList","@id":"https:\/\/respiramismares.com\/cursos-online\/producto\/negocio-exitoso\/#breadcrumb","itemListElement":[{"@type":"ListItem","position":1,"name":"Home","item":"https:\/\/respiramismares.com\/cursos-online\/"},{"@type":"ListItem","position":2,"name":"Tienda","item":"https:\/\/respiramismares.com\/cursos-online\/tienda\/"},{"@type":"ListItem","position":3,"name":"Negocio Exitoso"}]},{"@type":"WebSite","@id":"https:\/\/respiramismares.com\/cursos-online\/#website","url":"https:\/\/respiramismares.com\/cursos-online\/","name":"Respira Mis Mares","description":"Camila Fern\u00e1ndez","publisher":{"@id":"https:\/\/respiramismares.com\/cursos-online\/#organization"},"alternateName":"Camila Fern\u00e1ndez - Psicoterapeuta Cu\u00e1ntica y Gu\u00eda Bienestar mental, emocional y espiritual","potentialAction":[{"@type":"SearchAction","target":{"@type":"EntryPoint","urlTemplate":"https:\/\/respiramismares.com\/cursos-online\/?s={search_term_string}"},"query-input":{"@type":"PropertyValueSpecification","valueRequired":true,"valueName":"search_term_string"}}],"inLanguage":"es"},{"@type":"Organization","@id":"https:\/\/respiramismares.com\/cursos-online\/#organization","name":"Respira Mis Mares","alternateName":"Camila Fern\u00e1ndez - Psicoterapeuta Cu\u00e1ntica y Gu\u00eda Bienestar mental, emocional y espiritual","url":"https:\/\/respiramismares.com\/cursos-online\/","logo":{"@type":"ImageObject","inLanguage":"es","@id":"https:\/\/respiramismares.com\/cursos-online\/#\/schema\/logo\/image\/","url":"https:\/\/respiramismares.com\/cursos-online\/wp-content\/uploads\/2021\/01\/logop2.png","contentUrl":"https:\/\/respiramismares.com\/cursos-online\/wp-content\/uploads\/2021\/01\/logop2.png","width":972,"height":259,"caption":"Respira Mis Mares"},"image":{"@id":"https:\/\/respiramismares.com\/cursos-online\/#\/schema\/logo\/image\/"},"sameAs":["https:\/\/www.facebook.com\/respiramismares\/","https:\/\/www.instagram.com\/respiramismares\/"]}]}},"_links":{"self":[{"href":"https:\/\/respiramismares.com\/cursos-online\/wp-json\/wp\/v2\/product\/4737","targetHints":{"allow":["GET"]}}],"collection":[{"href":"https:\/\/respiramismares.com\/cursos-online\/wp-json\/wp\/v2\/product"}],"about":[{"href":"https:\/\/respiramismares.com\/cursos-online\/wp-json\/wp\/v2\/types\/product"}],"wp:featuredmedia":[{"embeddable":true,"href":"https:\/\/respiramismares.com\/cursos-online\/wp-json\/wp\/v2\/media\/4738"}],"wp:attachment":[{"href":"https:\/\/respiramismares.com\/cursos-online\/wp-json\/wp\/v2\/media?parent=4737"}],"wp:term":[{"taxonomy":"product_brand","embeddable":true,"href":"https:\/\/respiramismares.com\/cursos-online\/wp-json\/wp\/v2\/product_brand?post=4737"},{"taxonomy":"product_cat","embeddable":true,"href":"https:\/\/respiramismares.com\/cursos-online\/wp-json\/wp\/v2\/product_cat?post=4737"},{"taxonomy":"product_tag","embeddable":true,"href":"https:\/\/respiramismares.com\/cursos-online\/wp-json\/wp\/v2\/product_tag?post=4737"}],"curies":[{"name":"wp","href":"https:\/\/api.w.org\/{rel}","templated":true}]}}