{"id":4680,"date":"2023-12-10T14:50:24","date_gmt":"2023-12-10T14:50:24","guid":{"rendered":"https:\/\/respiramismares.com\/cursos-online\/?post_type=product&#038;p=4680"},"modified":"2026-03-27T19:30:42","modified_gmt":"2026-03-27T19:30:42","slug":"manualamorpropio-poderpersonal","status":"publish","type":"product","link":"https:\/\/respiramismares.com\/cursos-online\/producto\/manualamorpropio-poderpersonal\/","title":{"rendered":"La verdadera gu\u00eda de amor propio: Descubriendo tu valor personal"},"content":{"rendered":"<p>\ud83d\udc41\ufe0fExplora <strong>La verdadera gu\u00eda de amor propio: Descubriendo tu valor personal<\/strong><\/p>\n<p>\u2764\ufe0fHe creado una herramienta poderosa de autoconocimiento dise\u00f1ada para identificar y transformar patrones de comportamiento que impactan tu valor personal.<\/p>\n<p>\ud83d\udcd3Con esta gu\u00eda, estar\u00e1s desentra\u00f1ando patrones limitantes y reconstruyendo tu valor personal desde sus ra\u00edces. Transformar\u00e1 tu relaci\u00f3n contigo mismo e influir\u00e1 positivamente en todas las \u00e1reas de tu vida.<\/p>\n<p>\ud83d\udcda<strong>Contenido Destacado con bases fundamentales desde la bioneuroemoci\u00f3n:<\/strong><br \/>\n&#8211; Valor Personal y Autoestima<br \/>\n&#8211; Or\u00edgenes del Amor Propio (Contenido de alto valor te\u00f3rico)<br \/>\n&#8211; Qu\u00e9 no es amor propio<br \/>\n&#8211; Ego y amor propio<br \/>\n&#8211; Reconocimiento del amor propio<br \/>\n&#8211; Potenciaci\u00f3n del Amor Propio<br \/>\n&#8211; Ejercicios Diarios Pr\u00e1cticos por 10 d\u00edas<\/p>\n<p>\u2705<strong>Esta gu\u00eda es para ti porque:<\/strong><br \/>\n&#8211; Quieres profundizar en la salud de tu amor y autoestima comprendiendo desde la biodescodificaci\u00f3n c\u00f3mo funcionan en conjunto mente, cuerpo y emociones<br \/>\n&#8211; Buscas mejorar tus relaciones y resultados en todas las \u00e1reas.<br \/>\n&#8211; Deseas desprogramar patrones que limitan tu amor propio.<\/p>\n<p>\ud83e\udd29Una Inversi\u00f3n para Toda la Vida<\/p>\n<p>\ud83d\udcd5Esta gu\u00eda es el cimiento s\u00f3lido que consolidar\u00e1 tu nueva programaci\u00f3n de amor propio, dise\u00f1ada para identificar y transformar patrones de comportamiento que afectan tu valor personal.<\/p>\n<p>\u2753\ud83d\udcb5Por qu\u00e9 este Recurso es Pago:<\/p>\n<p>Entendemos que tu inversi\u00f3n en esta gu\u00eda es un compromiso con tu crecimiento personal. Este intercambio tiene un valor que va m\u00e1s all\u00e1 de la transacci\u00f3n financiera; representa tu dedicaci\u00f3n y valioso tiempo para desplegar un cambio significativo en tu vida.<\/p>\n<p><b>\ud83d\udcb0C\u00f3mo Adquirir la Gu\u00eda:<br \/>\n\u2757\ufe0fA\u00d1ADE AL CARRITO PARA VER TODAS LAS FORMAS DE PAGO ALLI<\/b><\/p>\n<p>\u00a1Transforma tu realidad hoy mismo! \ud83d\udcab<\/p>\n<p>\ud83d\ude4fMuchas gracias por contribuir y darte la oportunidad de adquirir nuevos conocimientos.<\/p>\n<p>\ud83d\udc93Esta gu\u00eda es un valioso complemento para realizar opcional con &#8220;<a href=\"https:\/\/respiramismares.com\/cursos-online\/producto\/7-pasos-hacia-el-amor-propio-la-accion-que-requieres-para-tus-logros\/\">7 pasos de amor propio: la acci\u00f3n que requieres para lograr tus sue\u00f1os y metas&#8221;<\/a><\/p>\n<p>\ud83d\udc69\ud83c\udffb\u200d\ud83d\udd2cCon amor, Camila Fern\u00e1ndez<\/p>\n","protected":false},"excerpt":{"rendered":"<p>\ud83d\udc41\ufe0fExplora <strong>La verdadera gu\u00eda de amor propio: Descubriendo tu valor personal<\/strong><\/p>\n<p>\u2764\ufe0fHe creado una herramienta poderosa de autoconocimiento dise\u00f1ada para identificar y transformar patrones de comportamiento que impactan tu valor personal.<\/p>\n<p>\ud83d\udcd3Con esta gu\u00eda, estar\u00e1s desentra\u00f1ando patrones limitantes y reconstruyendo tu valor personal desde sus ra\u00edces. Transformar\u00e1 tu relaci\u00f3n contigo mismo e influir\u00e1 positivamente en todas las \u00e1reas de tu vida.<\/p>\n<p>\ud83d\udcda<strong>Contenido Destacado con bases fundamentales desde la bioneuroemoci\u00f3n:<\/strong><br \/>\n&#8211; Valor Personal y Autoestima<br \/>\n&#8211; Or\u00edgenes del Amor Propio (Contenido de alto valor te\u00f3rico)<br \/>\n&#8211; Qu\u00e9 no es amor propio<br \/>\n&#8211; Ego y amor propio<br \/>\n&#8211; Reconocimiento del amor propio<br \/>\n&#8211; Potenciaci\u00f3n del Amor Propio<br \/>\n&#8211; Ejercicios Diarios Pr\u00e1cticos por 10 d\u00edas<\/p>\n<p>\u2705<strong>Esta gu\u00eda es para ti porque:<\/strong><br \/>\n&#8211; Quieres profundizar en la salud de tu amor y autoestima comprendiendo desde la biodescodificaci\u00f3n c\u00f3mo funcionan en conjunto mente, cuerpo y emociones<br \/>\n&#8211; Buscas mejorar tus relaciones y resultados en todas las \u00e1reas.<br \/>\n&#8211; Deseas desprogramar patrones que limitan tu amor propio.<\/p>\n<p>\ud83e\udd29Una Inversi\u00f3n para Toda la Vida<\/p>\n<p>\ud83d\udcd5Esta gu\u00eda es el cimiento s\u00f3lido que consolidar\u00e1 tu nueva programaci\u00f3n de amor propio, dise\u00f1ada para identificar y transformar patrones de comportamiento que afectan tu valor personal.<\/p>\n<p>\u2753\ud83d\udcb5Por qu\u00e9 este Recurso es Pago:<\/p>\n<p>Entendemos que tu inversi\u00f3n en esta gu\u00eda es un compromiso con tu crecimiento personal. Este intercambio tiene un valor que va m\u00e1s all\u00e1 de la transacci\u00f3n financiera; representa tu dedicaci\u00f3n y valioso tiempo para desplegar un cambio significativo en tu vida.<\/p>\n<p><b>\ud83d\udcb0C\u00f3mo Adquirir la Gu\u00eda:<br \/>\n\u2757\ufe0fA\u00d1ADE AL CARRITO PARA VER TODAS LAS FORMAS DE PAGO ALLI<\/b><\/p>\n<p>\u00a1Transforma tu realidad hoy mismo! \ud83d\udcab<\/p>\n<p>\ud83d\ude4fMuchas gracias por contribuir y darte la oportunidad de adquirir nuevos conocimientos.<\/p>\n<p>\ud83d\udc93Esta gu\u00eda es un valioso complemento para realizar opcional con &#8220;<a href=\"https:\/\/respiramismares.com\/cursos-online\/producto\/7-pasos-hacia-el-amor-propio-la-accion-que-requieres-para-tus-logros\/\">7 pasos de amor propio: la acci\u00f3n que requieres para lograr tus sue\u00f1os y metas&#8221;<\/a><\/p>\n<p>\ud83d\udc69\ud83c\udffb\u200d\ud83d\udd2cCon amor, Camila Fern\u00e1ndez<\/p>\n","protected":false},"featured_media":4684,"template":"","meta":[],"product_brand":[],"product_cat":[34],"product_tag":[],"class_list":{"0":"post-4680","1":"product","2":"type-product","3":"status-publish","4":"has-post-thumbnail","6":"product_cat-cursos","8":"first","9":"instock","10":"sale","11":"downloadable","12":"shipping-taxable","13":"purchasable","14":"product-type-simple"},"yoast_head":"<!-- This site is optimized with the Yoast SEO plugin v27.3 - https:\/\/yoast.com\/product\/yoast-seo-wordpress\/ -->\n<title>La verdadera gu\u00eda de amor propio: Descubriendo tu valor personal - Respira Mis Mares<\/title>\n<meta name=\"robots\" content=\"index, follow, max-snippet:-1, max-image-preview:large, max-video-preview:-1\" \/>\n<link rel=\"canonical\" href=\"https:\/\/respiramismares.com\/cursos-online\/producto\/manualamorpropio-poderpersonal\/\" \/>\n<meta property=\"og:locale\" content=\"es_ES\" \/>\n<meta property=\"og:type\" content=\"article\" \/>\n<meta property=\"og:title\" content=\"La verdadera gu\u00eda de amor propio: Descubriendo tu valor personal - Respira Mis Mares\" \/>\n<meta property=\"og:description\" content=\"\ud83d\udc41\ufe0fExplora La verdadera gu\u00eda de amor propio: Descubriendo tu valor personal  \u2764\ufe0fHe creado una herramienta poderosa de autoconocimiento dise\u00f1ada para identificar y transformar patrones de comportamiento que impactan tu valor personal.  \ud83d\udcd3Con esta gu\u00eda, estar\u00e1s desentra\u00f1ando patrones limitantes y reconstruyendo tu valor personal desde sus ra\u00edces. Transformar\u00e1 tu relaci\u00f3n contigo mismo e influir\u00e1 positivamente en todas las \u00e1reas de tu vida.  \ud83d\udcdaContenido Destacado con bases fundamentales desde la bioneuroemoci\u00f3n: - Valor Personal y Autoestima - Or\u00edgenes del Amor Propio (Contenido de alto valor te\u00f3rico) - Qu\u00e9 no es amor propio - Ego y amor propio - Reconocimiento del amor propio - Potenciaci\u00f3n del Amor Propio - Ejercicios Diarios Pr\u00e1cticos por 10 d\u00edas  \u2705Esta gu\u00eda es para ti porque: - Quieres profundizar en la salud de tu amor y autoestima comprendiendo desde la biodescodificaci\u00f3n c\u00f3mo funcionan en conjunto mente, cuerpo y emociones - Buscas mejorar tus relaciones y resultados en todas las \u00e1reas. - Deseas desprogramar patrones que limitan tu amor propio.  \ud83e\udd29Una Inversi\u00f3n para Toda la Vida  \ud83d\udcd5Esta gu\u00eda es el cimiento s\u00f3lido que consolidar\u00e1 tu nueva programaci\u00f3n de amor propio, dise\u00f1ada para identificar y transformar patrones de comportamiento que afectan tu valor personal.  \u2753\ud83d\udcb5Por qu\u00e9 este Recurso es Pago:  Entendemos que tu inversi\u00f3n en esta gu\u00eda es un compromiso con tu crecimiento personal. Este intercambio tiene un valor que va m\u00e1s all\u00e1 de la transacci\u00f3n financiera; representa tu dedicaci\u00f3n y valioso tiempo para desplegar un cambio significativo en tu vida.  \ud83d\udcb0C\u00f3mo Adquirir la Gu\u00eda: \u2757\ufe0fA\u00d1ADE AL CARRITO PARA VER TODAS LAS FORMAS DE PAGO ALLI  \u00a1Transforma tu realidad hoy mismo! \ud83d\udcab  \ud83d\ude4fMuchas gracias por contribuir y darte la oportunidad de adquirir nuevos conocimientos.  \ud83d\udc93Esta gu\u00eda es un valioso complemento para realizar opcional con &quot;7 pasos de amor propio: la acci\u00f3n que requieres para lograr tus sue\u00f1os y metas&quot;  \ud83d\udc69\ud83c\udffb\u200d\ud83d\udd2cCon amor, Camila Fern\u00e1ndez\" \/>\n<meta property=\"og:url\" content=\"https:\/\/respiramismares.com\/cursos-online\/producto\/manualamorpropio-poderpersonal\/\" \/>\n<meta property=\"og:site_name\" content=\"Respira Mis Mares\" \/>\n<meta property=\"article:publisher\" content=\"https:\/\/www.facebook.com\/respiramismares\/\" \/>\n<meta property=\"article:modified_time\" content=\"2026-03-27T19:30:42+00:00\" \/>\n<meta property=\"og:image\" content=\"https:\/\/respiramismares.com\/cursos-online\/wp-content\/uploads\/2023\/12\/IMG_7590.jpeg\" \/>\n\t<meta property=\"og:image:width\" content=\"1284\" \/>\n\t<meta property=\"og:image:height\" content=\"1607\" \/>\n\t<meta property=\"og:image:type\" content=\"image\/jpeg\" \/>\n<meta name=\"twitter:card\" content=\"summary_large_image\" \/>\n<script type=\"application\/ld+json\" class=\"yoast-schema-graph\">{\"@context\":\"https:\\\/\\\/schema.org\",\"@graph\":[{\"@type\":\"WebPage\",\"@id\":\"https:\\\/\\\/respiramismares.com\\\/cursos-online\\\/producto\\\/manualamorpropio-poderpersonal\\\/\",\"url\":\"https:\\\/\\\/respiramismares.com\\\/cursos-online\\\/producto\\\/manualamorpropio-poderpersonal\\\/\",\"name\":\"La verdadera gu\u00eda de amor propio: Descubriendo tu valor personal - Respira Mis Mares\",\"isPartOf\":{\"@id\":\"https:\\\/\\\/respiramismares.com\\\/cursos-online\\\/#website\"},\"primaryImageOfPage\":{\"@id\":\"https:\\\/\\\/respiramismares.com\\\/cursos-online\\\/producto\\\/manualamorpropio-poderpersonal\\\/#primaryimage\"},\"image\":{\"@id\":\"https:\\\/\\\/respiramismares.com\\\/cursos-online\\\/producto\\\/manualamorpropio-poderpersonal\\\/#primaryimage\"},\"thumbnailUrl\":\"https:\\\/\\\/respiramismares.com\\\/cursos-online\\\/wp-content\\\/uploads\\\/2023\\\/12\\\/IMG_7590.jpeg\",\"datePublished\":\"2023-12-10T14:50:24+00:00\",\"dateModified\":\"2026-03-27T19:30:42+00:00\",\"breadcrumb\":{\"@id\":\"https:\\\/\\\/respiramismares.com\\\/cursos-online\\\/producto\\\/manualamorpropio-poderpersonal\\\/#breadcrumb\"},\"inLanguage\":\"es\",\"potentialAction\":[{\"@type\":\"ReadAction\",\"target\":[\"https:\\\/\\\/respiramismares.com\\\/cursos-online\\\/producto\\\/manualamorpropio-poderpersonal\\\/\"]}]},{\"@type\":\"ImageObject\",\"inLanguage\":\"es\",\"@id\":\"https:\\\/\\\/respiramismares.com\\\/cursos-online\\\/producto\\\/manualamorpropio-poderpersonal\\\/#primaryimage\",\"url\":\"https:\\\/\\\/respiramismares.com\\\/cursos-online\\\/wp-content\\\/uploads\\\/2023\\\/12\\\/IMG_7590.jpeg\",\"contentUrl\":\"https:\\\/\\\/respiramismares.com\\\/cursos-online\\\/wp-content\\\/uploads\\\/2023\\\/12\\\/IMG_7590.jpeg\",\"width\":1284,\"height\":1607},{\"@type\":\"BreadcrumbList\",\"@id\":\"https:\\\/\\\/respiramismares.com\\\/cursos-online\\\/producto\\\/manualamorpropio-poderpersonal\\\/#breadcrumb\",\"itemListElement\":[{\"@type\":\"ListItem\",\"position\":1,\"name\":\"Home\",\"item\":\"https:\\\/\\\/respiramismares.com\\\/cursos-online\\\/\"},{\"@type\":\"ListItem\",\"position\":2,\"name\":\"Tienda\",\"item\":\"https:\\\/\\\/respiramismares.com\\\/cursos-online\\\/tienda\\\/\"},{\"@type\":\"ListItem\",\"position\":3,\"name\":\"La verdadera gu\u00eda de amor propio: Descubriendo tu valor personal\"}]},{\"@type\":\"WebSite\",\"@id\":\"https:\\\/\\\/respiramismares.com\\\/cursos-online\\\/#website\",\"url\":\"https:\\\/\\\/respiramismares.com\\\/cursos-online\\\/\",\"name\":\"Respira Mis Mares\",\"description\":\"Camila Fern\u00e1ndez\",\"publisher\":{\"@id\":\"https:\\\/\\\/respiramismares.com\\\/cursos-online\\\/#organization\"},\"alternateName\":\"Camila Fern\u00e1ndez - Psicoterapeuta Cu\u00e1ntica y Gu\u00eda Bienestar mental, emocional y espiritual\",\"potentialAction\":[{\"@type\":\"SearchAction\",\"target\":{\"@type\":\"EntryPoint\",\"urlTemplate\":\"https:\\\/\\\/respiramismares.com\\\/cursos-online\\\/?s={search_term_string}\"},\"query-input\":{\"@type\":\"PropertyValueSpecification\",\"valueRequired\":true,\"valueName\":\"search_term_string\"}}],\"inLanguage\":\"es\"},{\"@type\":\"Organization\",\"@id\":\"https:\\\/\\\/respiramismares.com\\\/cursos-online\\\/#organization\",\"name\":\"Respira Mis Mares\",\"alternateName\":\"Camila Fern\u00e1ndez - Psicoterapeuta Cu\u00e1ntica y Gu\u00eda Bienestar mental, emocional y espiritual\",\"url\":\"https:\\\/\\\/respiramismares.com\\\/cursos-online\\\/\",\"logo\":{\"@type\":\"ImageObject\",\"inLanguage\":\"es\",\"@id\":\"https:\\\/\\\/respiramismares.com\\\/cursos-online\\\/#\\\/schema\\\/logo\\\/image\\\/\",\"url\":\"https:\\\/\\\/respiramismares.com\\\/cursos-online\\\/wp-content\\\/uploads\\\/2021\\\/01\\\/logop2.png\",\"contentUrl\":\"https:\\\/\\\/respiramismares.com\\\/cursos-online\\\/wp-content\\\/uploads\\\/2021\\\/01\\\/logop2.png\",\"width\":972,\"height\":259,\"caption\":\"Respira Mis Mares\"},\"image\":{\"@id\":\"https:\\\/\\\/respiramismares.com\\\/cursos-online\\\/#\\\/schema\\\/logo\\\/image\\\/\"},\"sameAs\":[\"https:\\\/\\\/www.facebook.com\\\/respiramismares\\\/\",\"https:\\\/\\\/www.instagram.com\\\/respiramismares\\\/\"]}]}<\/script>\n<!-- \/ Yoast SEO plugin. -->","yoast_head_json":{"title":"La verdadera gu\u00eda de amor propio: Descubriendo tu valor personal - Respira Mis Mares","robots":{"index":"index","follow":"follow","max-snippet":"max-snippet:-1","max-image-preview":"max-image-preview:large","max-video-preview":"max-video-preview:-1"},"canonical":"https:\/\/respiramismares.com\/cursos-online\/producto\/manualamorpropio-poderpersonal\/","og_locale":"es_ES","og_type":"article","og_title":"La verdadera gu\u00eda de amor propio: Descubriendo tu valor personal - Respira Mis Mares","og_description":"\ud83d\udc41\ufe0fExplora La verdadera gu\u00eda de amor propio: Descubriendo tu valor personal  \u2764\ufe0fHe creado una herramienta poderosa de autoconocimiento dise\u00f1ada para identificar y transformar patrones de comportamiento que impactan tu valor personal.  \ud83d\udcd3Con esta gu\u00eda, estar\u00e1s desentra\u00f1ando patrones limitantes y reconstruyendo tu valor personal desde sus ra\u00edces. Transformar\u00e1 tu relaci\u00f3n contigo mismo e influir\u00e1 positivamente en todas las \u00e1reas de tu vida.  \ud83d\udcdaContenido Destacado con bases fundamentales desde la bioneuroemoci\u00f3n: - Valor Personal y Autoestima - Or\u00edgenes del Amor Propio (Contenido de alto valor te\u00f3rico) - Qu\u00e9 no es amor propio - Ego y amor propio - Reconocimiento del amor propio - Potenciaci\u00f3n del Amor Propio - Ejercicios Diarios Pr\u00e1cticos por 10 d\u00edas  \u2705Esta gu\u00eda es para ti porque: - Quieres profundizar en la salud de tu amor y autoestima comprendiendo desde la biodescodificaci\u00f3n c\u00f3mo funcionan en conjunto mente, cuerpo y emociones - Buscas mejorar tus relaciones y resultados en todas las \u00e1reas. - Deseas desprogramar patrones que limitan tu amor propio.  \ud83e\udd29Una Inversi\u00f3n para Toda la Vida  \ud83d\udcd5Esta gu\u00eda es el cimiento s\u00f3lido que consolidar\u00e1 tu nueva programaci\u00f3n de amor propio, dise\u00f1ada para identificar y transformar patrones de comportamiento que afectan tu valor personal.  \u2753\ud83d\udcb5Por qu\u00e9 este Recurso es Pago:  Entendemos que tu inversi\u00f3n en esta gu\u00eda es un compromiso con tu crecimiento personal. Este intercambio tiene un valor que va m\u00e1s all\u00e1 de la transacci\u00f3n financiera; representa tu dedicaci\u00f3n y valioso tiempo para desplegar un cambio significativo en tu vida.  \ud83d\udcb0C\u00f3mo Adquirir la Gu\u00eda: \u2757\ufe0fA\u00d1ADE AL CARRITO PARA VER TODAS LAS FORMAS DE PAGO ALLI  \u00a1Transforma tu realidad hoy mismo! \ud83d\udcab  \ud83d\ude4fMuchas gracias por contribuir y darte la oportunidad de adquirir nuevos conocimientos.  \ud83d\udc93Esta gu\u00eda es un valioso complemento para realizar opcional con \"7 pasos de amor propio: la acci\u00f3n que requieres para lograr tus sue\u00f1os y metas\"  \ud83d\udc69\ud83c\udffb\u200d\ud83d\udd2cCon amor, Camila Fern\u00e1ndez","og_url":"https:\/\/respiramismares.com\/cursos-online\/producto\/manualamorpropio-poderpersonal\/","og_site_name":"Respira Mis Mares","article_publisher":"https:\/\/www.facebook.com\/respiramismares\/","article_modified_time":"2026-03-27T19:30:42+00:00","og_image":[{"width":1284,"height":1607,"url":"https:\/\/respiramismares.com\/cursos-online\/wp-content\/uploads\/2023\/12\/IMG_7590.jpeg","type":"image\/jpeg"}],"twitter_card":"summary_large_image","schema":{"@context":"https:\/\/schema.org","@graph":[{"@type":"WebPage","@id":"https:\/\/respiramismares.com\/cursos-online\/producto\/manualamorpropio-poderpersonal\/","url":"https:\/\/respiramismares.com\/cursos-online\/producto\/manualamorpropio-poderpersonal\/","name":"La verdadera gu\u00eda de amor propio: Descubriendo tu valor personal - Respira Mis Mares","isPartOf":{"@id":"https:\/\/respiramismares.com\/cursos-online\/#website"},"primaryImageOfPage":{"@id":"https:\/\/respiramismares.com\/cursos-online\/producto\/manualamorpropio-poderpersonal\/#primaryimage"},"image":{"@id":"https:\/\/respiramismares.com\/cursos-online\/producto\/manualamorpropio-poderpersonal\/#primaryimage"},"thumbnailUrl":"https:\/\/respiramismares.com\/cursos-online\/wp-content\/uploads\/2023\/12\/IMG_7590.jpeg","datePublished":"2023-12-10T14:50:24+00:00","dateModified":"2026-03-27T19:30:42+00:00","breadcrumb":{"@id":"https:\/\/respiramismares.com\/cursos-online\/producto\/manualamorpropio-poderpersonal\/#breadcrumb"},"inLanguage":"es","potentialAction":[{"@type":"ReadAction","target":["https:\/\/respiramismares.com\/cursos-online\/producto\/manualamorpropio-poderpersonal\/"]}]},{"@type":"ImageObject","inLanguage":"es","@id":"https:\/\/respiramismares.com\/cursos-online\/producto\/manualamorpropio-poderpersonal\/#primaryimage","url":"https:\/\/respiramismares.com\/cursos-online\/wp-content\/uploads\/2023\/12\/IMG_7590.jpeg","contentUrl":"https:\/\/respiramismares.com\/cursos-online\/wp-content\/uploads\/2023\/12\/IMG_7590.jpeg","width":1284,"height":1607},{"@type":"BreadcrumbList","@id":"https:\/\/respiramismares.com\/cursos-online\/producto\/manualamorpropio-poderpersonal\/#breadcrumb","itemListElement":[{"@type":"ListItem","position":1,"name":"Home","item":"https:\/\/respiramismares.com\/cursos-online\/"},{"@type":"ListItem","position":2,"name":"Tienda","item":"https:\/\/respiramismares.com\/cursos-online\/tienda\/"},{"@type":"ListItem","position":3,"name":"La verdadera gu\u00eda de amor propio: Descubriendo tu valor personal"}]},{"@type":"WebSite","@id":"https:\/\/respiramismares.com\/cursos-online\/#website","url":"https:\/\/respiramismares.com\/cursos-online\/","name":"Respira Mis Mares","description":"Camila Fern\u00e1ndez","publisher":{"@id":"https:\/\/respiramismares.com\/cursos-online\/#organization"},"alternateName":"Camila Fern\u00e1ndez - Psicoterapeuta Cu\u00e1ntica y Gu\u00eda Bienestar mental, emocional y espiritual","potentialAction":[{"@type":"SearchAction","target":{"@type":"EntryPoint","urlTemplate":"https:\/\/respiramismares.com\/cursos-online\/?s={search_term_string}"},"query-input":{"@type":"PropertyValueSpecification","valueRequired":true,"valueName":"search_term_string"}}],"inLanguage":"es"},{"@type":"Organization","@id":"https:\/\/respiramismares.com\/cursos-online\/#organization","name":"Respira Mis Mares","alternateName":"Camila Fern\u00e1ndez - Psicoterapeuta Cu\u00e1ntica y Gu\u00eda Bienestar mental, emocional y espiritual","url":"https:\/\/respiramismares.com\/cursos-online\/","logo":{"@type":"ImageObject","inLanguage":"es","@id":"https:\/\/respiramismares.com\/cursos-online\/#\/schema\/logo\/image\/","url":"https:\/\/respiramismares.com\/cursos-online\/wp-content\/uploads\/2021\/01\/logop2.png","contentUrl":"https:\/\/respiramismares.com\/cursos-online\/wp-content\/uploads\/2021\/01\/logop2.png","width":972,"height":259,"caption":"Respira Mis Mares"},"image":{"@id":"https:\/\/respiramismares.com\/cursos-online\/#\/schema\/logo\/image\/"},"sameAs":["https:\/\/www.facebook.com\/respiramismares\/","https:\/\/www.instagram.com\/respiramismares\/"]}]}},"_links":{"self":[{"href":"https:\/\/respiramismares.com\/cursos-online\/wp-json\/wp\/v2\/product\/4680","targetHints":{"allow":["GET"]}}],"collection":[{"href":"https:\/\/respiramismares.com\/cursos-online\/wp-json\/wp\/v2\/product"}],"about":[{"href":"https:\/\/respiramismares.com\/cursos-online\/wp-json\/wp\/v2\/types\/product"}],"wp:featuredmedia":[{"embeddable":true,"href":"https:\/\/respiramismares.com\/cursos-online\/wp-json\/wp\/v2\/media\/4684"}],"wp:attachment":[{"href":"https:\/\/respiramismares.com\/cursos-online\/wp-json\/wp\/v2\/media?parent=4680"}],"wp:term":[{"taxonomy":"product_brand","embeddable":true,"href":"https:\/\/respiramismares.com\/cursos-online\/wp-json\/wp\/v2\/product_brand?post=4680"},{"taxonomy":"product_cat","embeddable":true,"href":"https:\/\/respiramismares.com\/cursos-online\/wp-json\/wp\/v2\/product_cat?post=4680"},{"taxonomy":"product_tag","embeddable":true,"href":"https:\/\/respiramismares.com\/cursos-online\/wp-json\/wp\/v2\/product_tag?post=4680"}],"curies":[{"name":"wp","href":"https:\/\/api.w.org\/{rel}","templated":true}]}}