{"id":4401,"date":"2023-10-31T13:50:45","date_gmt":"2023-10-31T13:50:45","guid":{"rendered":"https:\/\/respiramismares.com\/cursos-online\/?post_type=product&#038;p=4401"},"modified":"2026-03-27T19:05:21","modified_gmt":"2026-03-27T19:05:21","slug":"energias-magicas","status":"publish","type":"product","link":"https:\/\/respiramismares.com\/cursos-online\/producto\/energias-magicas\/","title":{"rendered":"Energ\u00edas M\u00e1gicas"},"content":{"rendered":"<p>\u00a1Descubre la magia que hay en ti y a tu alrededor con nuestro curso de &#8216;Energ\u00edas M\u00e1gicas&#8217;! Este curso de 2 horas te llevar\u00e1 en un viaje de autodescubrimiento y transformaci\u00f3n. Aprende rituales m\u00e1gicos para protecci\u00f3n, empoderamiento, abundancia y gratitud, junto con el poder de los decretos y la bendici\u00f3n de objetos y personas. Incluye material descargable: un e-book completo y una gu\u00eda de rituales. \u00a1Inscr\u00edbete ahora y desata el poder de la magia en tu vida!<\/p>\n","protected":false},"excerpt":{"rendered":"<p>Descubre tu potencial m\u00e1gico en nuestro curso de &#8216;Energ\u00edas M\u00e1gicas&#8217;. Aprende rituales de protecci\u00f3n, empoderamiento, abundancia y gratitud, junto con el poder de los decretos y la bendici\u00f3n de objetos y personas. El curso de 2 horas incluye un e-book completo y una gu\u00eda de rituales para una experiencia de aprendizaje inmersiva. \u00a1Inscr\u00edbete y despierta la magia en ti!<\/p>\n","protected":false},"featured_media":4415,"template":"","meta":[],"product_brand":[],"product_cat":[34],"product_tag":[],"class_list":{"0":"post-4401","1":"product","2":"type-product","3":"status-publish","4":"has-post-thumbnail","6":"product_cat-cursos","8":"first","9":"instock","10":"sale","11":"virtual","12":"purchasable","13":"product-type-simple"},"yoast_head":"<!-- This site is optimized with the Yoast SEO plugin v27.3 - https:\/\/yoast.com\/product\/yoast-seo-wordpress\/ -->\n<title>Energ\u00edas M\u00e1gicas - Respira Mis Mares<\/title>\n<meta name=\"robots\" content=\"index, follow, max-snippet:-1, max-image-preview:large, max-video-preview:-1\" \/>\n<link rel=\"canonical\" href=\"https:\/\/respiramismares.com\/cursos-online\/producto\/energias-magicas\/\" \/>\n<meta property=\"og:locale\" content=\"es_ES\" \/>\n<meta property=\"og:type\" content=\"article\" \/>\n<meta property=\"og:title\" content=\"Energ\u00edas M\u00e1gicas - Respira Mis Mares\" \/>\n<meta property=\"og:description\" content=\"Descubre tu potencial m\u00e1gico en nuestro curso de &#039;Energ\u00edas M\u00e1gicas&#039;. Aprende rituales de protecci\u00f3n, empoderamiento, abundancia y gratitud, junto con el poder de los decretos y la bendici\u00f3n de objetos y personas. El curso de 2 horas incluye un e-book completo y una gu\u00eda de rituales para una experiencia de aprendizaje inmersiva. \u00a1Inscr\u00edbete y despierta la magia en ti!\" \/>\n<meta property=\"og:url\" content=\"https:\/\/respiramismares.com\/cursos-online\/producto\/energias-magicas\/\" \/>\n<meta property=\"og:site_name\" content=\"Respira Mis Mares\" \/>\n<meta property=\"article:publisher\" content=\"https:\/\/www.facebook.com\/respiramismares\/\" \/>\n<meta property=\"article:modified_time\" content=\"2026-03-27T19:05:21+00:00\" \/>\n<meta property=\"og:image\" content=\"https:\/\/respiramismares.com\/cursos-online\/wp-content\/uploads\/2023\/10\/WhatsApp-Image-2023-10-31-at-15.49.12.jpeg\" \/>\n\t<meta property=\"og:image:width\" content=\"1080\" \/>\n\t<meta property=\"og:image:height\" content=\"1080\" \/>\n\t<meta property=\"og:image:type\" content=\"image\/jpeg\" \/>\n<meta name=\"twitter:card\" content=\"summary_large_image\" \/>\n<script type=\"application\/ld+json\" class=\"yoast-schema-graph\">{\"@context\":\"https:\\\/\\\/schema.org\",\"@graph\":[{\"@type\":\"WebPage\",\"@id\":\"https:\\\/\\\/respiramismares.com\\\/cursos-online\\\/producto\\\/energias-magicas\\\/\",\"url\":\"https:\\\/\\\/respiramismares.com\\\/cursos-online\\\/producto\\\/energias-magicas\\\/\",\"name\":\"Energ\u00edas M\u00e1gicas - Respira Mis Mares\",\"isPartOf\":{\"@id\":\"https:\\\/\\\/respiramismares.com\\\/cursos-online\\\/#website\"},\"primaryImageOfPage\":{\"@id\":\"https:\\\/\\\/respiramismares.com\\\/cursos-online\\\/producto\\\/energias-magicas\\\/#primaryimage\"},\"image\":{\"@id\":\"https:\\\/\\\/respiramismares.com\\\/cursos-online\\\/producto\\\/energias-magicas\\\/#primaryimage\"},\"thumbnailUrl\":\"https:\\\/\\\/respiramismares.com\\\/cursos-online\\\/wp-content\\\/uploads\\\/2023\\\/10\\\/WhatsApp-Image-2023-10-31-at-15.49.12.jpeg\",\"datePublished\":\"2023-10-31T13:50:45+00:00\",\"dateModified\":\"2026-03-27T19:05:21+00:00\",\"breadcrumb\":{\"@id\":\"https:\\\/\\\/respiramismares.com\\\/cursos-online\\\/producto\\\/energias-magicas\\\/#breadcrumb\"},\"inLanguage\":\"es\",\"potentialAction\":[{\"@type\":\"ReadAction\",\"target\":[\"https:\\\/\\\/respiramismares.com\\\/cursos-online\\\/producto\\\/energias-magicas\\\/\"]}]},{\"@type\":\"ImageObject\",\"inLanguage\":\"es\",\"@id\":\"https:\\\/\\\/respiramismares.com\\\/cursos-online\\\/producto\\\/energias-magicas\\\/#primaryimage\",\"url\":\"https:\\\/\\\/respiramismares.com\\\/cursos-online\\\/wp-content\\\/uploads\\\/2023\\\/10\\\/WhatsApp-Image-2023-10-31-at-15.49.12.jpeg\",\"contentUrl\":\"https:\\\/\\\/respiramismares.com\\\/cursos-online\\\/wp-content\\\/uploads\\\/2023\\\/10\\\/WhatsApp-Image-2023-10-31-at-15.49.12.jpeg\",\"width\":1080,\"height\":1080},{\"@type\":\"BreadcrumbList\",\"@id\":\"https:\\\/\\\/respiramismares.com\\\/cursos-online\\\/producto\\\/energias-magicas\\\/#breadcrumb\",\"itemListElement\":[{\"@type\":\"ListItem\",\"position\":1,\"name\":\"Home\",\"item\":\"https:\\\/\\\/respiramismares.com\\\/cursos-online\\\/\"},{\"@type\":\"ListItem\",\"position\":2,\"name\":\"Tienda\",\"item\":\"https:\\\/\\\/respiramismares.com\\\/cursos-online\\\/tienda\\\/\"},{\"@type\":\"ListItem\",\"position\":3,\"name\":\"Energ\u00edas M\u00e1gicas\"}]},{\"@type\":\"WebSite\",\"@id\":\"https:\\\/\\\/respiramismares.com\\\/cursos-online\\\/#website\",\"url\":\"https:\\\/\\\/respiramismares.com\\\/cursos-online\\\/\",\"name\":\"Respira Mis Mares\",\"description\":\"Camila Fern\u00e1ndez\",\"publisher\":{\"@id\":\"https:\\\/\\\/respiramismares.com\\\/cursos-online\\\/#organization\"},\"alternateName\":\"Camila Fern\u00e1ndez - Psicoterapeuta Cu\u00e1ntica y Gu\u00eda Bienestar mental, emocional y espiritual\",\"potentialAction\":[{\"@type\":\"SearchAction\",\"target\":{\"@type\":\"EntryPoint\",\"urlTemplate\":\"https:\\\/\\\/respiramismares.com\\\/cursos-online\\\/?s={search_term_string}\"},\"query-input\":{\"@type\":\"PropertyValueSpecification\",\"valueRequired\":true,\"valueName\":\"search_term_string\"}}],\"inLanguage\":\"es\"},{\"@type\":\"Organization\",\"@id\":\"https:\\\/\\\/respiramismares.com\\\/cursos-online\\\/#organization\",\"name\":\"Respira Mis Mares\",\"alternateName\":\"Camila Fern\u00e1ndez - Psicoterapeuta Cu\u00e1ntica y Gu\u00eda Bienestar mental, emocional y espiritual\",\"url\":\"https:\\\/\\\/respiramismares.com\\\/cursos-online\\\/\",\"logo\":{\"@type\":\"ImageObject\",\"inLanguage\":\"es\",\"@id\":\"https:\\\/\\\/respiramismares.com\\\/cursos-online\\\/#\\\/schema\\\/logo\\\/image\\\/\",\"url\":\"https:\\\/\\\/respiramismares.com\\\/cursos-online\\\/wp-content\\\/uploads\\\/2021\\\/01\\\/logop2.png\",\"contentUrl\":\"https:\\\/\\\/respiramismares.com\\\/cursos-online\\\/wp-content\\\/uploads\\\/2021\\\/01\\\/logop2.png\",\"width\":972,\"height\":259,\"caption\":\"Respira Mis Mares\"},\"image\":{\"@id\":\"https:\\\/\\\/respiramismares.com\\\/cursos-online\\\/#\\\/schema\\\/logo\\\/image\\\/\"},\"sameAs\":[\"https:\\\/\\\/www.facebook.com\\\/respiramismares\\\/\",\"https:\\\/\\\/www.instagram.com\\\/respiramismares\\\/\"]}]}<\/script>\n<!-- \/ Yoast SEO plugin. -->","yoast_head_json":{"title":"Energ\u00edas M\u00e1gicas - Respira Mis Mares","robots":{"index":"index","follow":"follow","max-snippet":"max-snippet:-1","max-image-preview":"max-image-preview:large","max-video-preview":"max-video-preview:-1"},"canonical":"https:\/\/respiramismares.com\/cursos-online\/producto\/energias-magicas\/","og_locale":"es_ES","og_type":"article","og_title":"Energ\u00edas M\u00e1gicas - Respira Mis Mares","og_description":"Descubre tu potencial m\u00e1gico en nuestro curso de 'Energ\u00edas M\u00e1gicas'. Aprende rituales de protecci\u00f3n, empoderamiento, abundancia y gratitud, junto con el poder de los decretos y la bendici\u00f3n de objetos y personas. El curso de 2 horas incluye un e-book completo y una gu\u00eda de rituales para una experiencia de aprendizaje inmersiva. \u00a1Inscr\u00edbete y despierta la magia en ti!","og_url":"https:\/\/respiramismares.com\/cursos-online\/producto\/energias-magicas\/","og_site_name":"Respira Mis Mares","article_publisher":"https:\/\/www.facebook.com\/respiramismares\/","article_modified_time":"2026-03-27T19:05:21+00:00","og_image":[{"width":1080,"height":1080,"url":"https:\/\/respiramismares.com\/cursos-online\/wp-content\/uploads\/2023\/10\/WhatsApp-Image-2023-10-31-at-15.49.12.jpeg","type":"image\/jpeg"}],"twitter_card":"summary_large_image","schema":{"@context":"https:\/\/schema.org","@graph":[{"@type":"WebPage","@id":"https:\/\/respiramismares.com\/cursos-online\/producto\/energias-magicas\/","url":"https:\/\/respiramismares.com\/cursos-online\/producto\/energias-magicas\/","name":"Energ\u00edas M\u00e1gicas - Respira Mis Mares","isPartOf":{"@id":"https:\/\/respiramismares.com\/cursos-online\/#website"},"primaryImageOfPage":{"@id":"https:\/\/respiramismares.com\/cursos-online\/producto\/energias-magicas\/#primaryimage"},"image":{"@id":"https:\/\/respiramismares.com\/cursos-online\/producto\/energias-magicas\/#primaryimage"},"thumbnailUrl":"https:\/\/respiramismares.com\/cursos-online\/wp-content\/uploads\/2023\/10\/WhatsApp-Image-2023-10-31-at-15.49.12.jpeg","datePublished":"2023-10-31T13:50:45+00:00","dateModified":"2026-03-27T19:05:21+00:00","breadcrumb":{"@id":"https:\/\/respiramismares.com\/cursos-online\/producto\/energias-magicas\/#breadcrumb"},"inLanguage":"es","potentialAction":[{"@type":"ReadAction","target":["https:\/\/respiramismares.com\/cursos-online\/producto\/energias-magicas\/"]}]},{"@type":"ImageObject","inLanguage":"es","@id":"https:\/\/respiramismares.com\/cursos-online\/producto\/energias-magicas\/#primaryimage","url":"https:\/\/respiramismares.com\/cursos-online\/wp-content\/uploads\/2023\/10\/WhatsApp-Image-2023-10-31-at-15.49.12.jpeg","contentUrl":"https:\/\/respiramismares.com\/cursos-online\/wp-content\/uploads\/2023\/10\/WhatsApp-Image-2023-10-31-at-15.49.12.jpeg","width":1080,"height":1080},{"@type":"BreadcrumbList","@id":"https:\/\/respiramismares.com\/cursos-online\/producto\/energias-magicas\/#breadcrumb","itemListElement":[{"@type":"ListItem","position":1,"name":"Home","item":"https:\/\/respiramismares.com\/cursos-online\/"},{"@type":"ListItem","position":2,"name":"Tienda","item":"https:\/\/respiramismares.com\/cursos-online\/tienda\/"},{"@type":"ListItem","position":3,"name":"Energ\u00edas M\u00e1gicas"}]},{"@type":"WebSite","@id":"https:\/\/respiramismares.com\/cursos-online\/#website","url":"https:\/\/respiramismares.com\/cursos-online\/","name":"Respira Mis Mares","description":"Camila Fern\u00e1ndez","publisher":{"@id":"https:\/\/respiramismares.com\/cursos-online\/#organization"},"alternateName":"Camila Fern\u00e1ndez - Psicoterapeuta Cu\u00e1ntica y Gu\u00eda Bienestar mental, emocional y espiritual","potentialAction":[{"@type":"SearchAction","target":{"@type":"EntryPoint","urlTemplate":"https:\/\/respiramismares.com\/cursos-online\/?s={search_term_string}"},"query-input":{"@type":"PropertyValueSpecification","valueRequired":true,"valueName":"search_term_string"}}],"inLanguage":"es"},{"@type":"Organization","@id":"https:\/\/respiramismares.com\/cursos-online\/#organization","name":"Respira Mis Mares","alternateName":"Camila Fern\u00e1ndez - Psicoterapeuta Cu\u00e1ntica y Gu\u00eda Bienestar mental, emocional y espiritual","url":"https:\/\/respiramismares.com\/cursos-online\/","logo":{"@type":"ImageObject","inLanguage":"es","@id":"https:\/\/respiramismares.com\/cursos-online\/#\/schema\/logo\/image\/","url":"https:\/\/respiramismares.com\/cursos-online\/wp-content\/uploads\/2021\/01\/logop2.png","contentUrl":"https:\/\/respiramismares.com\/cursos-online\/wp-content\/uploads\/2021\/01\/logop2.png","width":972,"height":259,"caption":"Respira Mis Mares"},"image":{"@id":"https:\/\/respiramismares.com\/cursos-online\/#\/schema\/logo\/image\/"},"sameAs":["https:\/\/www.facebook.com\/respiramismares\/","https:\/\/www.instagram.com\/respiramismares\/"]}]}},"_links":{"self":[{"href":"https:\/\/respiramismares.com\/cursos-online\/wp-json\/wp\/v2\/product\/4401","targetHints":{"allow":["GET"]}}],"collection":[{"href":"https:\/\/respiramismares.com\/cursos-online\/wp-json\/wp\/v2\/product"}],"about":[{"href":"https:\/\/respiramismares.com\/cursos-online\/wp-json\/wp\/v2\/types\/product"}],"wp:featuredmedia":[{"embeddable":true,"href":"https:\/\/respiramismares.com\/cursos-online\/wp-json\/wp\/v2\/media\/4415"}],"wp:attachment":[{"href":"https:\/\/respiramismares.com\/cursos-online\/wp-json\/wp\/v2\/media?parent=4401"}],"wp:term":[{"taxonomy":"product_brand","embeddable":true,"href":"https:\/\/respiramismares.com\/cursos-online\/wp-json\/wp\/v2\/product_brand?post=4401"},{"taxonomy":"product_cat","embeddable":true,"href":"https:\/\/respiramismares.com\/cursos-online\/wp-json\/wp\/v2\/product_cat?post=4401"},{"taxonomy":"product_tag","embeddable":true,"href":"https:\/\/respiramismares.com\/cursos-online\/wp-json\/wp\/v2\/product_tag?post=4401"}],"curies":[{"name":"wp","href":"https:\/\/api.w.org\/{rel}","templated":true}]}}