{"id":375,"date":"2021-02-01T14:17:31","date_gmt":"2021-02-01T14:17:31","guid":{"rendered":"https:\/\/camilafernandezargenziano.com\/cursos-online\/?post_type=product&#038;p=375"},"modified":"2026-03-27T19:21:39","modified_gmt":"2026-03-27T19:21:39","slug":"curso-sanacion-linaje-materno-y-rito-del-utero","status":"publish","type":"product","link":"https:\/\/respiramismares.com\/cursos-online\/producto\/curso-sanacion-linaje-materno-y-rito-del-utero\/","title":{"rendered":"Renovaci\u00f3n del Linaje Materno: Sanaci\u00f3n y Empoderamiento Femenino + Rito de Utero"},"content":{"rendered":"<div>Sum\u00e9rgete en una poderosa experiencia de sanaci\u00f3n y empoderamiento femenino a trav\u00e9s de la Renovaci\u00f3n del Linaje Materno y el Rito de \u00datero. Conecta con la divinidad y nutre la semilla de luz y amor en todas las mujeres. Trae sanaci\u00f3n, alegr\u00eda, amor y compasi\u00f3n a tu linaje femenino, a la Madre Tierra y a tus relaciones. A trav\u00e9s de una meditaci\u00f3n transformadora, sanar\u00e1s el linaje de tus abuelas maternas hasta la 7ma generaci\u00f3n, liberando el origen de cualquier dolor y tristeza para abrir paso a la alegr\u00eda y compasi\u00f3n. Abre tu cuerpo, mente y coraz\u00f3n para crear una nueva realidad como co-creadora con el Gran Esp\u00edritu. Descubre el poder del linaje de mujeres medicina que te acompa\u00f1ar\u00e1 en este proceso de transformaci\u00f3n.<\/div>\n<div>Camila Fern\u00e1ndez<\/div>\n","protected":false},"excerpt":{"rendered":"<div class=\"kvgmc6g5 cxmmr5t8 oygrvhab hcukyx3x c1et5uql\">Recon\u00e9ctate, \u00e1mate y respeta tus ciclos! \u00danete al Rito del \u00datero, una poderosa bendici\u00f3n y experiencia transformadora que honra el Sagrado Femenino en cada ser. Sum\u00e9rgete en esta maravillosa pr\u00e1ctica llena de amor, energ\u00eda y pasi\u00f3n. \u00a1Descubre la magia que te espera!<\/div>\n<p>&nbsp;<\/p>\n<p>&nbsp;<\/p>\n","protected":false},"featured_media":3627,"template":"","meta":[],"product_brand":[],"product_cat":[34],"product_tag":[],"class_list":{"0":"post-375","1":"product","2":"type-product","3":"status-publish","4":"has-post-thumbnail","6":"product_cat-cursos","8":"first","9":"instock","10":"sale","11":"shipping-taxable","12":"purchasable","13":"product-type-simple"},"yoast_head":"<!-- This site is optimized with the Yoast SEO plugin v27.3 - https:\/\/yoast.com\/product\/yoast-seo-wordpress\/ -->\n<title>Renovaci\u00f3n del Linaje Materno: Sanaci\u00f3n y Empoderamiento Femenino + Rito de Utero - Respira Mis Mares<\/title>\n<meta name=\"robots\" content=\"index, follow, max-snippet:-1, max-image-preview:large, max-video-preview:-1\" \/>\n<link rel=\"canonical\" href=\"https:\/\/respiramismares.com\/cursos-online\/producto\/curso-sanacion-linaje-materno-y-rito-del-utero\/\" \/>\n<meta property=\"og:locale\" content=\"es_ES\" \/>\n<meta property=\"og:type\" content=\"article\" \/>\n<meta property=\"og:title\" content=\"Renovaci\u00f3n del Linaje Materno: Sanaci\u00f3n y Empoderamiento Femenino + Rito de Utero - Respira Mis Mares\" \/>\n<meta property=\"og:description\" content=\"Recon\u00e9ctate, \u00e1mate y respeta tus ciclos! \u00danete al Rito del \u00datero, una poderosa bendici\u00f3n y experiencia transformadora que honra el Sagrado Femenino en cada ser. Sum\u00e9rgete en esta maravillosa pr\u00e1ctica llena de amor, energ\u00eda y pasi\u00f3n. \u00a1Descubre la magia que te espera! &nbsp;  &nbsp;\" \/>\n<meta property=\"og:url\" content=\"https:\/\/respiramismares.com\/cursos-online\/producto\/curso-sanacion-linaje-materno-y-rito-del-utero\/\" \/>\n<meta property=\"og:site_name\" content=\"Respira Mis Mares\" \/>\n<meta property=\"article:publisher\" content=\"https:\/\/www.facebook.com\/respiramismares\/\" \/>\n<meta property=\"article:modified_time\" content=\"2026-03-27T19:21:39+00:00\" \/>\n<meta property=\"og:image\" content=\"https:\/\/respiramismares.com\/cursos-online\/wp-content\/uploads\/2023\/01\/49B6D916-A0E8-4C39-84F7-534DDA900F04.jpeg\" \/>\n\t<meta property=\"og:image:width\" content=\"550\" \/>\n\t<meta property=\"og:image:height\" content=\"549\" \/>\n\t<meta property=\"og:image:type\" content=\"image\/jpeg\" \/>\n<meta name=\"twitter:card\" content=\"summary_large_image\" \/>\n<script type=\"application\/ld+json\" class=\"yoast-schema-graph\">{\"@context\":\"https:\\\/\\\/schema.org\",\"@graph\":[{\"@type\":\"WebPage\",\"@id\":\"https:\\\/\\\/respiramismares.com\\\/cursos-online\\\/producto\\\/curso-sanacion-linaje-materno-y-rito-del-utero\\\/\",\"url\":\"https:\\\/\\\/respiramismares.com\\\/cursos-online\\\/producto\\\/curso-sanacion-linaje-materno-y-rito-del-utero\\\/\",\"name\":\"Renovaci\u00f3n del Linaje Materno: Sanaci\u00f3n y Empoderamiento Femenino + Rito de Utero - Respira Mis Mares\",\"isPartOf\":{\"@id\":\"https:\\\/\\\/respiramismares.com\\\/cursos-online\\\/#website\"},\"primaryImageOfPage\":{\"@id\":\"https:\\\/\\\/respiramismares.com\\\/cursos-online\\\/producto\\\/curso-sanacion-linaje-materno-y-rito-del-utero\\\/#primaryimage\"},\"image\":{\"@id\":\"https:\\\/\\\/respiramismares.com\\\/cursos-online\\\/producto\\\/curso-sanacion-linaje-materno-y-rito-del-utero\\\/#primaryimage\"},\"thumbnailUrl\":\"https:\\\/\\\/respiramismares.com\\\/cursos-online\\\/wp-content\\\/uploads\\\/2023\\\/01\\\/49B6D916-A0E8-4C39-84F7-534DDA900F04.jpeg\",\"datePublished\":\"2021-02-01T14:17:31+00:00\",\"dateModified\":\"2026-03-27T19:21:39+00:00\",\"breadcrumb\":{\"@id\":\"https:\\\/\\\/respiramismares.com\\\/cursos-online\\\/producto\\\/curso-sanacion-linaje-materno-y-rito-del-utero\\\/#breadcrumb\"},\"inLanguage\":\"es\",\"potentialAction\":[{\"@type\":\"ReadAction\",\"target\":[\"https:\\\/\\\/respiramismares.com\\\/cursos-online\\\/producto\\\/curso-sanacion-linaje-materno-y-rito-del-utero\\\/\"]}]},{\"@type\":\"ImageObject\",\"inLanguage\":\"es\",\"@id\":\"https:\\\/\\\/respiramismares.com\\\/cursos-online\\\/producto\\\/curso-sanacion-linaje-materno-y-rito-del-utero\\\/#primaryimage\",\"url\":\"https:\\\/\\\/respiramismares.com\\\/cursos-online\\\/wp-content\\\/uploads\\\/2023\\\/01\\\/49B6D916-A0E8-4C39-84F7-534DDA900F04.jpeg\",\"contentUrl\":\"https:\\\/\\\/respiramismares.com\\\/cursos-online\\\/wp-content\\\/uploads\\\/2023\\\/01\\\/49B6D916-A0E8-4C39-84F7-534DDA900F04.jpeg\",\"width\":550,\"height\":549},{\"@type\":\"BreadcrumbList\",\"@id\":\"https:\\\/\\\/respiramismares.com\\\/cursos-online\\\/producto\\\/curso-sanacion-linaje-materno-y-rito-del-utero\\\/#breadcrumb\",\"itemListElement\":[{\"@type\":\"ListItem\",\"position\":1,\"name\":\"Home\",\"item\":\"https:\\\/\\\/respiramismares.com\\\/cursos-online\\\/\"},{\"@type\":\"ListItem\",\"position\":2,\"name\":\"Tienda\",\"item\":\"https:\\\/\\\/respiramismares.com\\\/cursos-online\\\/tienda\\\/\"},{\"@type\":\"ListItem\",\"position\":3,\"name\":\"Renovaci\u00f3n del Linaje Materno: Sanaci\u00f3n y Empoderamiento Femenino + Rito de Utero\"}]},{\"@type\":\"WebSite\",\"@id\":\"https:\\\/\\\/respiramismares.com\\\/cursos-online\\\/#website\",\"url\":\"https:\\\/\\\/respiramismares.com\\\/cursos-online\\\/\",\"name\":\"Respira Mis Mares\",\"description\":\"Camila Fern\u00e1ndez\",\"publisher\":{\"@id\":\"https:\\\/\\\/respiramismares.com\\\/cursos-online\\\/#organization\"},\"alternateName\":\"Camila Fern\u00e1ndez - Psicoterapeuta Cu\u00e1ntica y Gu\u00eda Bienestar mental, emocional y espiritual\",\"potentialAction\":[{\"@type\":\"SearchAction\",\"target\":{\"@type\":\"EntryPoint\",\"urlTemplate\":\"https:\\\/\\\/respiramismares.com\\\/cursos-online\\\/?s={search_term_string}\"},\"query-input\":{\"@type\":\"PropertyValueSpecification\",\"valueRequired\":true,\"valueName\":\"search_term_string\"}}],\"inLanguage\":\"es\"},{\"@type\":\"Organization\",\"@id\":\"https:\\\/\\\/respiramismares.com\\\/cursos-online\\\/#organization\",\"name\":\"Respira Mis Mares\",\"alternateName\":\"Camila Fern\u00e1ndez - Psicoterapeuta Cu\u00e1ntica y Gu\u00eda Bienestar mental, emocional y espiritual\",\"url\":\"https:\\\/\\\/respiramismares.com\\\/cursos-online\\\/\",\"logo\":{\"@type\":\"ImageObject\",\"inLanguage\":\"es\",\"@id\":\"https:\\\/\\\/respiramismares.com\\\/cursos-online\\\/#\\\/schema\\\/logo\\\/image\\\/\",\"url\":\"https:\\\/\\\/respiramismares.com\\\/cursos-online\\\/wp-content\\\/uploads\\\/2021\\\/01\\\/logop2.png\",\"contentUrl\":\"https:\\\/\\\/respiramismares.com\\\/cursos-online\\\/wp-content\\\/uploads\\\/2021\\\/01\\\/logop2.png\",\"width\":972,\"height\":259,\"caption\":\"Respira Mis Mares\"},\"image\":{\"@id\":\"https:\\\/\\\/respiramismares.com\\\/cursos-online\\\/#\\\/schema\\\/logo\\\/image\\\/\"},\"sameAs\":[\"https:\\\/\\\/www.facebook.com\\\/respiramismares\\\/\",\"https:\\\/\\\/www.instagram.com\\\/respiramismares\\\/\"]}]}<\/script>\n<!-- \/ Yoast SEO plugin. -->","yoast_head_json":{"title":"Renovaci\u00f3n del Linaje Materno: Sanaci\u00f3n y Empoderamiento Femenino + Rito de Utero - Respira Mis Mares","robots":{"index":"index","follow":"follow","max-snippet":"max-snippet:-1","max-image-preview":"max-image-preview:large","max-video-preview":"max-video-preview:-1"},"canonical":"https:\/\/respiramismares.com\/cursos-online\/producto\/curso-sanacion-linaje-materno-y-rito-del-utero\/","og_locale":"es_ES","og_type":"article","og_title":"Renovaci\u00f3n del Linaje Materno: Sanaci\u00f3n y Empoderamiento Femenino + Rito de Utero - Respira Mis Mares","og_description":"Recon\u00e9ctate, \u00e1mate y respeta tus ciclos! \u00danete al Rito del \u00datero, una poderosa bendici\u00f3n y experiencia transformadora que honra el Sagrado Femenino en cada ser. Sum\u00e9rgete en esta maravillosa pr\u00e1ctica llena de amor, energ\u00eda y pasi\u00f3n. \u00a1Descubre la magia que te espera! &nbsp;  &nbsp;","og_url":"https:\/\/respiramismares.com\/cursos-online\/producto\/curso-sanacion-linaje-materno-y-rito-del-utero\/","og_site_name":"Respira Mis Mares","article_publisher":"https:\/\/www.facebook.com\/respiramismares\/","article_modified_time":"2026-03-27T19:21:39+00:00","og_image":[{"width":550,"height":549,"url":"https:\/\/respiramismares.com\/cursos-online\/wp-content\/uploads\/2023\/01\/49B6D916-A0E8-4C39-84F7-534DDA900F04.jpeg","type":"image\/jpeg"}],"twitter_card":"summary_large_image","schema":{"@context":"https:\/\/schema.org","@graph":[{"@type":"WebPage","@id":"https:\/\/respiramismares.com\/cursos-online\/producto\/curso-sanacion-linaje-materno-y-rito-del-utero\/","url":"https:\/\/respiramismares.com\/cursos-online\/producto\/curso-sanacion-linaje-materno-y-rito-del-utero\/","name":"Renovaci\u00f3n del Linaje Materno: Sanaci\u00f3n y Empoderamiento Femenino + Rito de Utero - Respira Mis Mares","isPartOf":{"@id":"https:\/\/respiramismares.com\/cursos-online\/#website"},"primaryImageOfPage":{"@id":"https:\/\/respiramismares.com\/cursos-online\/producto\/curso-sanacion-linaje-materno-y-rito-del-utero\/#primaryimage"},"image":{"@id":"https:\/\/respiramismares.com\/cursos-online\/producto\/curso-sanacion-linaje-materno-y-rito-del-utero\/#primaryimage"},"thumbnailUrl":"https:\/\/respiramismares.com\/cursos-online\/wp-content\/uploads\/2023\/01\/49B6D916-A0E8-4C39-84F7-534DDA900F04.jpeg","datePublished":"2021-02-01T14:17:31+00:00","dateModified":"2026-03-27T19:21:39+00:00","breadcrumb":{"@id":"https:\/\/respiramismares.com\/cursos-online\/producto\/curso-sanacion-linaje-materno-y-rito-del-utero\/#breadcrumb"},"inLanguage":"es","potentialAction":[{"@type":"ReadAction","target":["https:\/\/respiramismares.com\/cursos-online\/producto\/curso-sanacion-linaje-materno-y-rito-del-utero\/"]}]},{"@type":"ImageObject","inLanguage":"es","@id":"https:\/\/respiramismares.com\/cursos-online\/producto\/curso-sanacion-linaje-materno-y-rito-del-utero\/#primaryimage","url":"https:\/\/respiramismares.com\/cursos-online\/wp-content\/uploads\/2023\/01\/49B6D916-A0E8-4C39-84F7-534DDA900F04.jpeg","contentUrl":"https:\/\/respiramismares.com\/cursos-online\/wp-content\/uploads\/2023\/01\/49B6D916-A0E8-4C39-84F7-534DDA900F04.jpeg","width":550,"height":549},{"@type":"BreadcrumbList","@id":"https:\/\/respiramismares.com\/cursos-online\/producto\/curso-sanacion-linaje-materno-y-rito-del-utero\/#breadcrumb","itemListElement":[{"@type":"ListItem","position":1,"name":"Home","item":"https:\/\/respiramismares.com\/cursos-online\/"},{"@type":"ListItem","position":2,"name":"Tienda","item":"https:\/\/respiramismares.com\/cursos-online\/tienda\/"},{"@type":"ListItem","position":3,"name":"Renovaci\u00f3n del Linaje Materno: Sanaci\u00f3n y Empoderamiento Femenino + Rito de Utero"}]},{"@type":"WebSite","@id":"https:\/\/respiramismares.com\/cursos-online\/#website","url":"https:\/\/respiramismares.com\/cursos-online\/","name":"Respira Mis Mares","description":"Camila Fern\u00e1ndez","publisher":{"@id":"https:\/\/respiramismares.com\/cursos-online\/#organization"},"alternateName":"Camila Fern\u00e1ndez - Psicoterapeuta Cu\u00e1ntica y Gu\u00eda Bienestar mental, emocional y espiritual","potentialAction":[{"@type":"SearchAction","target":{"@type":"EntryPoint","urlTemplate":"https:\/\/respiramismares.com\/cursos-online\/?s={search_term_string}"},"query-input":{"@type":"PropertyValueSpecification","valueRequired":true,"valueName":"search_term_string"}}],"inLanguage":"es"},{"@type":"Organization","@id":"https:\/\/respiramismares.com\/cursos-online\/#organization","name":"Respira Mis Mares","alternateName":"Camila Fern\u00e1ndez - Psicoterapeuta Cu\u00e1ntica y Gu\u00eda Bienestar mental, emocional y espiritual","url":"https:\/\/respiramismares.com\/cursos-online\/","logo":{"@type":"ImageObject","inLanguage":"es","@id":"https:\/\/respiramismares.com\/cursos-online\/#\/schema\/logo\/image\/","url":"https:\/\/respiramismares.com\/cursos-online\/wp-content\/uploads\/2021\/01\/logop2.png","contentUrl":"https:\/\/respiramismares.com\/cursos-online\/wp-content\/uploads\/2021\/01\/logop2.png","width":972,"height":259,"caption":"Respira Mis Mares"},"image":{"@id":"https:\/\/respiramismares.com\/cursos-online\/#\/schema\/logo\/image\/"},"sameAs":["https:\/\/www.facebook.com\/respiramismares\/","https:\/\/www.instagram.com\/respiramismares\/"]}]}},"_links":{"self":[{"href":"https:\/\/respiramismares.com\/cursos-online\/wp-json\/wp\/v2\/product\/375","targetHints":{"allow":["GET"]}}],"collection":[{"href":"https:\/\/respiramismares.com\/cursos-online\/wp-json\/wp\/v2\/product"}],"about":[{"href":"https:\/\/respiramismares.com\/cursos-online\/wp-json\/wp\/v2\/types\/product"}],"wp:featuredmedia":[{"embeddable":true,"href":"https:\/\/respiramismares.com\/cursos-online\/wp-json\/wp\/v2\/media\/3627"}],"wp:attachment":[{"href":"https:\/\/respiramismares.com\/cursos-online\/wp-json\/wp\/v2\/media?parent=375"}],"wp:term":[{"taxonomy":"product_brand","embeddable":true,"href":"https:\/\/respiramismares.com\/cursos-online\/wp-json\/wp\/v2\/product_brand?post=375"},{"taxonomy":"product_cat","embeddable":true,"href":"https:\/\/respiramismares.com\/cursos-online\/wp-json\/wp\/v2\/product_cat?post=375"},{"taxonomy":"product_tag","embeddable":true,"href":"https:\/\/respiramismares.com\/cursos-online\/wp-json\/wp\/v2\/product_tag?post=375"}],"curies":[{"name":"wp","href":"https:\/\/api.w.org\/{rel}","templated":true}]}}