{"id":300,"date":"2021-01-29T12:41:41","date_gmt":"2021-01-29T12:41:41","guid":{"rendered":"https:\/\/camilafernandezargenziano.com\/cursos-online\/?post_type=product&#038;p=300"},"modified":"2026-04-22T17:38:28","modified_gmt":"2026-04-22T17:38:28","slug":"curso-empiezo-por-mi","status":"publish","type":"product","link":"https:\/\/respiramismares.com\/cursos-online\/producto\/curso-empiezo-por-mi\/","title":{"rendered":"Empieza por ti: Empieza por ti: Orden interno y claridad de vida"},"content":{"rendered":"<p><strong>Lib\u00e9rate<\/strong> del conformismo y el sufrimiento que limitan tu visi\u00f3n y disfrute de las cosas buenas de la vida. Nuestro entrenamiento online te abrir\u00e1 los ojos hacia la importancia de vivir una vida plena y satisfactoria. \u00bfSientes la necesidad de un cambio de mentalidad? Ha llegado el momento de dar el salto y superar los conflictos que te rodean.<\/p>\n<p>A trav\u00e9s de una introducci\u00f3n impactante, este curso te guiar\u00e1 hacia la coherencia, ayud\u00e1ndote a aplicar pr\u00e1cticas que generen <strong>bienestar en tu vida<\/strong>. Cada tema est\u00e1 acompa\u00f1ado de ejercicios para poner en pr\u00e1ctica los conceptos aprendidos.<\/p>\n<p>Exploraremos las creencias y el prop\u00f3sito de la vida, rompiendo barreras y enfoc\u00e1ndonos en lo que amas hacer y en lo que a\u00fan no has descubierto que amas. Adem\u00e1s, aprender\u00e1s a <strong>cultivar una mentalidad abundante.<\/strong><\/p>\n<p>Si buscas vivir en plenitud, potenciar tu salud y vivir con claridad y enfoque, aqu\u00ed es posible. A lo largo del curso, te brindaremos las claves te\u00f3ricas y pr\u00e1cticas para aprovechar al m\u00e1ximo los recursos que te rodean.<\/p>\n<p>\u00a1Despierta una nueva conciencia y vive una <strong>vida liviana y plena<\/strong>!<\/p>\n","protected":false},"excerpt":{"rendered":"<p>Rompe con el conformismo y el sufrimiento que te impiden disfrutar plenamente de la vida. Descubre el poder transformador de nuestro curso online &#8220;Empiezo por m\u00ed: tu verdadero Desarrollo Personal&#8221;. Aprender\u00e1s a valorar la importancia de vivir una vida plena y satisfactoria. <strong>\u00bfEst\u00e1s listo para dar un salto cu\u00e1ntico en tu mentalidad y superar los obst\u00e1culos que te rodean?<\/strong> Este es el momento de tomar el control y dar el salto hacia tu crecimiento personal. \u00a1No permitas que nada te aparte de tu camino! \u00danete a nosotros y comienza tu viaje de transformaci\u00f3n interior.<\/p>\n<p style=\"padding-left: 40px;\"><b><br \/>\nPuedes consultar por\u00a0 <\/b><a style=\"font-weight: bold;\" href=\"https:\/\/wa.me\/+34600802673\">WhatsApp<\/a><\/p>\n","protected":false},"featured_media":3501,"template":"","meta":[],"product_brand":[],"product_cat":[34],"product_tag":[],"class_list":{"0":"post-300","1":"product","2":"type-product","3":"status-publish","4":"has-post-thumbnail","6":"product_cat-cursos","8":"first","9":"instock","10":"sale","11":"shipping-taxable","12":"purchasable","13":"product-type-simple"},"yoast_head":"<!-- This site is optimized with the Yoast SEO plugin v27.3 - https:\/\/yoast.com\/product\/yoast-seo-wordpress\/ -->\n<title>Empieza por ti: Empieza por ti: Orden interno y claridad de vida - Respira Mis Mares<\/title>\n<meta name=\"robots\" content=\"index, follow, max-snippet:-1, max-image-preview:large, max-video-preview:-1\" \/>\n<link rel=\"canonical\" href=\"https:\/\/respiramismares.com\/cursos-online\/producto\/curso-empiezo-por-mi\/\" \/>\n<meta property=\"og:locale\" content=\"es_ES\" \/>\n<meta property=\"og:type\" content=\"article\" \/>\n<meta property=\"og:title\" content=\"Empieza por ti: Empieza por ti: Orden interno y claridad de vida - Respira Mis Mares\" \/>\n<meta property=\"og:description\" content=\"Rompe con el conformismo y el sufrimiento que te impiden disfrutar plenamente de la vida. Descubre el poder transformador de nuestro curso online &quot;Empiezo por m\u00ed: tu verdadero Desarrollo Personal&quot;. Aprender\u00e1s a valorar la importancia de vivir una vida plena y satisfactoria. \u00bfEst\u00e1s listo para dar un salto cu\u00e1ntico en tu mentalidad y superar los obst\u00e1culos que te rodean? Este es el momento de tomar el control y dar el salto hacia tu crecimiento personal. \u00a1No permitas que nada te aparte de tu camino! \u00danete a nosotros y comienza tu viaje de transformaci\u00f3n interior.  Puedes consultar por\u00a0 WhatsApp\" \/>\n<meta property=\"og:url\" content=\"https:\/\/respiramismares.com\/cursos-online\/producto\/curso-empiezo-por-mi\/\" \/>\n<meta property=\"og:site_name\" content=\"Respira Mis Mares\" \/>\n<meta property=\"article:publisher\" content=\"https:\/\/www.facebook.com\/respiramismares\/\" \/>\n<meta property=\"article:modified_time\" content=\"2026-04-22T17:38:28+00:00\" \/>\n<meta property=\"og:image\" content=\"https:\/\/respiramismares.com\/cursos-online\/wp-content\/uploads\/2020\/11\/WhatsApp-Image-2023-03-17-at-18.47.11.jpeg\" \/>\n\t<meta property=\"og:image:width\" content=\"960\" \/>\n\t<meta property=\"og:image:height\" content=\"1280\" \/>\n\t<meta property=\"og:image:type\" content=\"image\/jpeg\" \/>\n<meta name=\"twitter:card\" content=\"summary_large_image\" \/>\n<script type=\"application\/ld+json\" class=\"yoast-schema-graph\">{\"@context\":\"https:\\\/\\\/schema.org\",\"@graph\":[{\"@type\":\"WebPage\",\"@id\":\"https:\\\/\\\/respiramismares.com\\\/cursos-online\\\/producto\\\/curso-empiezo-por-mi\\\/\",\"url\":\"https:\\\/\\\/respiramismares.com\\\/cursos-online\\\/producto\\\/curso-empiezo-por-mi\\\/\",\"name\":\"Empieza por ti: Empieza por ti: Orden interno y claridad de vida - Respira Mis Mares\",\"isPartOf\":{\"@id\":\"https:\\\/\\\/respiramismares.com\\\/cursos-online\\\/#website\"},\"primaryImageOfPage\":{\"@id\":\"https:\\\/\\\/respiramismares.com\\\/cursos-online\\\/producto\\\/curso-empiezo-por-mi\\\/#primaryimage\"},\"image\":{\"@id\":\"https:\\\/\\\/respiramismares.com\\\/cursos-online\\\/producto\\\/curso-empiezo-por-mi\\\/#primaryimage\"},\"thumbnailUrl\":\"https:\\\/\\\/respiramismares.com\\\/cursos-online\\\/wp-content\\\/uploads\\\/2020\\\/11\\\/WhatsApp-Image-2023-03-17-at-18.47.11.jpeg\",\"datePublished\":\"2021-01-29T12:41:41+00:00\",\"dateModified\":\"2026-04-22T17:38:28+00:00\",\"breadcrumb\":{\"@id\":\"https:\\\/\\\/respiramismares.com\\\/cursos-online\\\/producto\\\/curso-empiezo-por-mi\\\/#breadcrumb\"},\"inLanguage\":\"es\",\"potentialAction\":[{\"@type\":\"ReadAction\",\"target\":[\"https:\\\/\\\/respiramismares.com\\\/cursos-online\\\/producto\\\/curso-empiezo-por-mi\\\/\"]}]},{\"@type\":\"ImageObject\",\"inLanguage\":\"es\",\"@id\":\"https:\\\/\\\/respiramismares.com\\\/cursos-online\\\/producto\\\/curso-empiezo-por-mi\\\/#primaryimage\",\"url\":\"https:\\\/\\\/respiramismares.com\\\/cursos-online\\\/wp-content\\\/uploads\\\/2020\\\/11\\\/WhatsApp-Image-2023-03-17-at-18.47.11.jpeg\",\"contentUrl\":\"https:\\\/\\\/respiramismares.com\\\/cursos-online\\\/wp-content\\\/uploads\\\/2020\\\/11\\\/WhatsApp-Image-2023-03-17-at-18.47.11.jpeg\",\"width\":960,\"height\":1280},{\"@type\":\"BreadcrumbList\",\"@id\":\"https:\\\/\\\/respiramismares.com\\\/cursos-online\\\/producto\\\/curso-empiezo-por-mi\\\/#breadcrumb\",\"itemListElement\":[{\"@type\":\"ListItem\",\"position\":1,\"name\":\"Home\",\"item\":\"https:\\\/\\\/respiramismares.com\\\/cursos-online\\\/\"},{\"@type\":\"ListItem\",\"position\":2,\"name\":\"Tienda\",\"item\":\"https:\\\/\\\/respiramismares.com\\\/cursos-online\\\/tienda\\\/\"},{\"@type\":\"ListItem\",\"position\":3,\"name\":\"Empieza por ti: Empieza por ti: Orden interno y claridad de vida\"}]},{\"@type\":\"WebSite\",\"@id\":\"https:\\\/\\\/respiramismares.com\\\/cursos-online\\\/#website\",\"url\":\"https:\\\/\\\/respiramismares.com\\\/cursos-online\\\/\",\"name\":\"Respira Mis Mares\",\"description\":\"Camila Fern\u00e1ndez\",\"publisher\":{\"@id\":\"https:\\\/\\\/respiramismares.com\\\/cursos-online\\\/#organization\"},\"alternateName\":\"Camila Fern\u00e1ndez - Psicoterapeuta Cu\u00e1ntica y Gu\u00eda Bienestar mental, emocional y espiritual\",\"potentialAction\":[{\"@type\":\"SearchAction\",\"target\":{\"@type\":\"EntryPoint\",\"urlTemplate\":\"https:\\\/\\\/respiramismares.com\\\/cursos-online\\\/?s={search_term_string}\"},\"query-input\":{\"@type\":\"PropertyValueSpecification\",\"valueRequired\":true,\"valueName\":\"search_term_string\"}}],\"inLanguage\":\"es\"},{\"@type\":\"Organization\",\"@id\":\"https:\\\/\\\/respiramismares.com\\\/cursos-online\\\/#organization\",\"name\":\"Respira Mis Mares\",\"alternateName\":\"Camila Fern\u00e1ndez - Psicoterapeuta Cu\u00e1ntica y Gu\u00eda Bienestar mental, emocional y espiritual\",\"url\":\"https:\\\/\\\/respiramismares.com\\\/cursos-online\\\/\",\"logo\":{\"@type\":\"ImageObject\",\"inLanguage\":\"es\",\"@id\":\"https:\\\/\\\/respiramismares.com\\\/cursos-online\\\/#\\\/schema\\\/logo\\\/image\\\/\",\"url\":\"https:\\\/\\\/respiramismares.com\\\/cursos-online\\\/wp-content\\\/uploads\\\/2021\\\/01\\\/logop2.png\",\"contentUrl\":\"https:\\\/\\\/respiramismares.com\\\/cursos-online\\\/wp-content\\\/uploads\\\/2021\\\/01\\\/logop2.png\",\"width\":972,\"height\":259,\"caption\":\"Respira Mis Mares\"},\"image\":{\"@id\":\"https:\\\/\\\/respiramismares.com\\\/cursos-online\\\/#\\\/schema\\\/logo\\\/image\\\/\"},\"sameAs\":[\"https:\\\/\\\/www.facebook.com\\\/respiramismares\\\/\",\"https:\\\/\\\/www.instagram.com\\\/respiramismares\\\/\"]}]}<\/script>\n<!-- \/ Yoast SEO plugin. -->","yoast_head_json":{"title":"Empieza por ti: Empieza por ti: Orden interno y claridad de vida - Respira Mis Mares","robots":{"index":"index","follow":"follow","max-snippet":"max-snippet:-1","max-image-preview":"max-image-preview:large","max-video-preview":"max-video-preview:-1"},"canonical":"https:\/\/respiramismares.com\/cursos-online\/producto\/curso-empiezo-por-mi\/","og_locale":"es_ES","og_type":"article","og_title":"Empieza por ti: Empieza por ti: Orden interno y claridad de vida - Respira Mis Mares","og_description":"Rompe con el conformismo y el sufrimiento que te impiden disfrutar plenamente de la vida. Descubre el poder transformador de nuestro curso online \"Empiezo por m\u00ed: tu verdadero Desarrollo Personal\". Aprender\u00e1s a valorar la importancia de vivir una vida plena y satisfactoria. \u00bfEst\u00e1s listo para dar un salto cu\u00e1ntico en tu mentalidad y superar los obst\u00e1culos que te rodean? Este es el momento de tomar el control y dar el salto hacia tu crecimiento personal. \u00a1No permitas que nada te aparte de tu camino! \u00danete a nosotros y comienza tu viaje de transformaci\u00f3n interior.  Puedes consultar por\u00a0 WhatsApp","og_url":"https:\/\/respiramismares.com\/cursos-online\/producto\/curso-empiezo-por-mi\/","og_site_name":"Respira Mis Mares","article_publisher":"https:\/\/www.facebook.com\/respiramismares\/","article_modified_time":"2026-04-22T17:38:28+00:00","og_image":[{"width":960,"height":1280,"url":"https:\/\/respiramismares.com\/cursos-online\/wp-content\/uploads\/2020\/11\/WhatsApp-Image-2023-03-17-at-18.47.11.jpeg","type":"image\/jpeg"}],"twitter_card":"summary_large_image","schema":{"@context":"https:\/\/schema.org","@graph":[{"@type":"WebPage","@id":"https:\/\/respiramismares.com\/cursos-online\/producto\/curso-empiezo-por-mi\/","url":"https:\/\/respiramismares.com\/cursos-online\/producto\/curso-empiezo-por-mi\/","name":"Empieza por ti: Empieza por ti: Orden interno y claridad de vida - Respira Mis Mares","isPartOf":{"@id":"https:\/\/respiramismares.com\/cursos-online\/#website"},"primaryImageOfPage":{"@id":"https:\/\/respiramismares.com\/cursos-online\/producto\/curso-empiezo-por-mi\/#primaryimage"},"image":{"@id":"https:\/\/respiramismares.com\/cursos-online\/producto\/curso-empiezo-por-mi\/#primaryimage"},"thumbnailUrl":"https:\/\/respiramismares.com\/cursos-online\/wp-content\/uploads\/2020\/11\/WhatsApp-Image-2023-03-17-at-18.47.11.jpeg","datePublished":"2021-01-29T12:41:41+00:00","dateModified":"2026-04-22T17:38:28+00:00","breadcrumb":{"@id":"https:\/\/respiramismares.com\/cursos-online\/producto\/curso-empiezo-por-mi\/#breadcrumb"},"inLanguage":"es","potentialAction":[{"@type":"ReadAction","target":["https:\/\/respiramismares.com\/cursos-online\/producto\/curso-empiezo-por-mi\/"]}]},{"@type":"ImageObject","inLanguage":"es","@id":"https:\/\/respiramismares.com\/cursos-online\/producto\/curso-empiezo-por-mi\/#primaryimage","url":"https:\/\/respiramismares.com\/cursos-online\/wp-content\/uploads\/2020\/11\/WhatsApp-Image-2023-03-17-at-18.47.11.jpeg","contentUrl":"https:\/\/respiramismares.com\/cursos-online\/wp-content\/uploads\/2020\/11\/WhatsApp-Image-2023-03-17-at-18.47.11.jpeg","width":960,"height":1280},{"@type":"BreadcrumbList","@id":"https:\/\/respiramismares.com\/cursos-online\/producto\/curso-empiezo-por-mi\/#breadcrumb","itemListElement":[{"@type":"ListItem","position":1,"name":"Home","item":"https:\/\/respiramismares.com\/cursos-online\/"},{"@type":"ListItem","position":2,"name":"Tienda","item":"https:\/\/respiramismares.com\/cursos-online\/tienda\/"},{"@type":"ListItem","position":3,"name":"Empieza por ti: Empieza por ti: Orden interno y claridad de vida"}]},{"@type":"WebSite","@id":"https:\/\/respiramismares.com\/cursos-online\/#website","url":"https:\/\/respiramismares.com\/cursos-online\/","name":"Respira Mis Mares","description":"Camila Fern\u00e1ndez","publisher":{"@id":"https:\/\/respiramismares.com\/cursos-online\/#organization"},"alternateName":"Camila Fern\u00e1ndez - Psicoterapeuta Cu\u00e1ntica y Gu\u00eda Bienestar mental, emocional y espiritual","potentialAction":[{"@type":"SearchAction","target":{"@type":"EntryPoint","urlTemplate":"https:\/\/respiramismares.com\/cursos-online\/?s={search_term_string}"},"query-input":{"@type":"PropertyValueSpecification","valueRequired":true,"valueName":"search_term_string"}}],"inLanguage":"es"},{"@type":"Organization","@id":"https:\/\/respiramismares.com\/cursos-online\/#organization","name":"Respira Mis Mares","alternateName":"Camila Fern\u00e1ndez - Psicoterapeuta Cu\u00e1ntica y Gu\u00eda Bienestar mental, emocional y espiritual","url":"https:\/\/respiramismares.com\/cursos-online\/","logo":{"@type":"ImageObject","inLanguage":"es","@id":"https:\/\/respiramismares.com\/cursos-online\/#\/schema\/logo\/image\/","url":"https:\/\/respiramismares.com\/cursos-online\/wp-content\/uploads\/2021\/01\/logop2.png","contentUrl":"https:\/\/respiramismares.com\/cursos-online\/wp-content\/uploads\/2021\/01\/logop2.png","width":972,"height":259,"caption":"Respira Mis Mares"},"image":{"@id":"https:\/\/respiramismares.com\/cursos-online\/#\/schema\/logo\/image\/"},"sameAs":["https:\/\/www.facebook.com\/respiramismares\/","https:\/\/www.instagram.com\/respiramismares\/"]}]}},"_links":{"self":[{"href":"https:\/\/respiramismares.com\/cursos-online\/wp-json\/wp\/v2\/product\/300","targetHints":{"allow":["GET"]}}],"collection":[{"href":"https:\/\/respiramismares.com\/cursos-online\/wp-json\/wp\/v2\/product"}],"about":[{"href":"https:\/\/respiramismares.com\/cursos-online\/wp-json\/wp\/v2\/types\/product"}],"wp:featuredmedia":[{"embeddable":true,"href":"https:\/\/respiramismares.com\/cursos-online\/wp-json\/wp\/v2\/media\/3501"}],"wp:attachment":[{"href":"https:\/\/respiramismares.com\/cursos-online\/wp-json\/wp\/v2\/media?parent=300"}],"wp:term":[{"taxonomy":"product_brand","embeddable":true,"href":"https:\/\/respiramismares.com\/cursos-online\/wp-json\/wp\/v2\/product_brand?post=300"},{"taxonomy":"product_cat","embeddable":true,"href":"https:\/\/respiramismares.com\/cursos-online\/wp-json\/wp\/v2\/product_cat?post=300"},{"taxonomy":"product_tag","embeddable":true,"href":"https:\/\/respiramismares.com\/cursos-online\/wp-json\/wp\/v2\/product_tag?post=300"}],"curies":[{"name":"wp","href":"https:\/\/api.w.org\/{rel}","templated":true}]}}