{"id":2576,"date":"2021-09-14T20:13:12","date_gmt":"2021-09-14T20:13:12","guid":{"rendered":"https:\/\/camilafernandezargenziano.com\/cursos-online\/?post_type=product&#038;p=2576"},"modified":"2026-04-08T18:35:26","modified_gmt":"2026-04-08T18:35:26","slug":"cuota-unica-acceso-total","status":"publish","type":"product","link":"https:\/\/respiramismares.com\/cursos-online\/producto\/cuota-unica-acceso-total\/","title":{"rendered":"Full Acceso a Todas las Formaciones"},"content":{"rendered":"<p><strong>Inversi\u00f3n Integral que Abre un Universo de Oportunidades:<\/strong><\/p>\n<p>Embarca en un viaje \u00fanico de autodescubrimiento con acceso a:<\/p>\n<ul>\n<li><strong>Diplomado en Biodescodificaci\u00f3n: &#8220;Crea Tu Propia Realidad&#8221;<\/strong>: Explora 7 m\u00f3dulos completos (consulta el temario en el enlace del curso) que abarcan desde Bioneuroemoci\u00f3n hasta Constelaci\u00f3n Familiar Individual. Sum\u00e9rgete en disciplinas como PNL, Neuroplasticidad, Psicomagia, Biodescodificaci\u00f3n y Espiritualidad, y encuentra gu\u00edas para biodescodificar, entre otros.<\/li>\n<li><strong>Sanaci\u00f3n de Linaje Paterno y <\/strong><\/li>\n<li><strong>Sanaci\u00f3n de Linaje Materno + Rito de \u00datero:<\/strong>\u00a0Restaura y equilibra los linajes ancestrales a trav\u00e9s de profundas pr\u00e1cticas de sanaci\u00f3n.<\/li>\n<li><strong>P\u00e9ndulo Egipcio<\/strong>: Domina esta antigua herramienta para explorar y sanar energ\u00edas.<\/li>\n<li><strong>Reiki Usui (Todos los Niveles y Maestr\u00eda)<\/strong>: Sum\u00e9rgete en la poderosa energ\u00eda curativa del Reiki y avanza a trav\u00e9s de todos los niveles.<\/li>\n<li><strong>Tarot Hol\u00edstico (El Espejo del Inconsciente)<\/strong>: Descubre verdades ocultas a trav\u00e9s del poder simb\u00f3lico del tarot.<\/li>\n<li><strong>Formaci\u00f3n en Terapia Floral de Bach<\/strong>: Aprende a utilizar esencias florales para el bienestar emocional.<\/li>\n<li><strong>7 Pasos de Amor Propio: <\/strong>La acci\u00f3n que requieres para tus logros. Fortalece las relaciones comenzando por la que tienes contigo<\/li>\n<li><strong>21 D\u00edas de Abundancia Magn\u00e9tica: <\/strong>Desbloquea tu abundancia\u00a0 en todas las \u00e1reas de tu vida acci\u00f3n que requieres para tus logros. Fortalece las relaciones comenzando por la que tienes contigo<\/li>\n<li><strong>Energ\u00edas m\u00e1gicas: <\/strong>El poder de la magia energ\u00e9tica, protecci\u00f3n, empoderamiento, abundancia y gratitud. Aprende a realizar rituales m\u00e1gicos con el conocimiento adecuado.<\/li>\n<li><strong>Apreciando la vida: <\/strong>Semanas de gratitud y transformaci\u00f3n. Aprende a apreciar la vida en su m\u00e1xima expresi\u00f3n a traves de ejercicios diarios.<\/li>\n<li><strong>Participaci\u00f3n en Comunidad Semanal<\/strong>: Acceso a variadas masterclasses, meditaciones guiadas y arte terapia.<\/li>\n<li>Tras completar tus formaciones, tendr\u00e1s la oportunidad de aprender a liderar equipos de venta, construir una comunidad y transformar tu pasi\u00f3n en un exitoso emprendimiento, con resultados pr\u00f3speros y econ\u00f3micos asombrosos.<strong>Todo esto y m\u00e1s, con una \u00fanica inversi\u00f3n.<\/strong><\/li>\n<\/ul>\n<p>Para detalles espec\u00edficos sobre cada formaci\u00f3n, consulta los enlaces correspondientes. Para informaci\u00f3n detallada sobre la inversi\u00f3n \u00fanica y el acceso a todas estas oportunidades, mandanos un\u00a0 <a href=\"https:\/\/wa.me\/+34600802673\">Whatsapp<\/a><\/p>\n<p><strong>\u00a1Descubre un Universo de Posibilidades a tu Alcance!<\/strong><\/p>\n","protected":false},"excerpt":{"rendered":"<p>Esta propuesta est\u00e1 enmarcada en una Metodolog\u00eda que posee como caracter\u00edstica ofrecer un proceso autogestionado del aprendizaje y de acuerdo a la diversidad de necesidades del estudiante, donde cada uno podr\u00e1 administrar los contenidos en los tiempos que disponga. Mientras estudias podr\u00e1s tambi\u00e9n ofrecer las formaciones y obtener ganancias por ello, teniendo acceso total a todas las formaciones, grupo privado de WhatsApp masterclass semanales, actividades, talleres, meditaciones guiadas, desarrollo de emprendedores, entre otros.<\/p>\n<p style=\"padding-left: 40px;\"><b>Ante Cualquier duda podes consultarnos las diferentes formas de pago\u00a0 <\/b><a style=\"font-weight: bold;\" href=\"https:\/\/wa.me\/+34600802673\">WhatsApp<\/a><\/p>\n","protected":false},"featured_media":2598,"template":"","meta":[],"product_brand":[],"product_cat":[34],"product_tag":[],"class_list":{"0":"post-2576","1":"product","2":"type-product","3":"status-publish","4":"has-post-thumbnail","6":"product_cat-cursos","8":"first","9":"instock","10":"sale","11":"shipping-taxable","12":"purchasable","13":"product-type-simple"},"yoast_head":"<!-- This site is optimized with the Yoast SEO plugin v27.3 - https:\/\/yoast.com\/product\/yoast-seo-wordpress\/ -->\n<title>Full Acceso a Todas las Formaciones - Respira Mis Mares<\/title>\n<meta name=\"robots\" content=\"index, follow, max-snippet:-1, max-image-preview:large, max-video-preview:-1\" \/>\n<link rel=\"canonical\" href=\"https:\/\/respiramismares.com\/cursos-online\/producto\/cuota-unica-acceso-total\/\" \/>\n<meta property=\"og:locale\" content=\"es_ES\" \/>\n<meta property=\"og:type\" content=\"article\" \/>\n<meta property=\"og:title\" content=\"Full Acceso a Todas las Formaciones - Respira Mis Mares\" \/>\n<meta property=\"og:description\" content=\"Esta propuesta est\u00e1 enmarcada en una Metodolog\u00eda que posee como caracter\u00edstica ofrecer un proceso autogestionado del aprendizaje y de acuerdo a la diversidad de necesidades del estudiante, donde cada uno podr\u00e1 administrar los contenidos en los tiempos que disponga. Mientras estudias podr\u00e1s tambi\u00e9n ofrecer las formaciones y obtener ganancias por ello, teniendo acceso total a todas las formaciones, grupo privado de WhatsApp masterclass semanales, actividades, talleres, meditaciones guiadas, desarrollo de emprendedores, entre otros. Ante Cualquier duda podes consultarnos las diferentes formas de pago\u00a0 WhatsApp\" \/>\n<meta property=\"og:url\" content=\"https:\/\/respiramismares.com\/cursos-online\/producto\/cuota-unica-acceso-total\/\" \/>\n<meta property=\"og:site_name\" content=\"Respira Mis Mares\" \/>\n<meta property=\"article:publisher\" content=\"https:\/\/www.facebook.com\/respiramismares\/\" \/>\n<meta property=\"article:modified_time\" content=\"2026-04-08T18:35:26+00:00\" \/>\n<meta property=\"og:image\" content=\"https:\/\/respiramismares.com\/cursos-online\/wp-content\/uploads\/2021\/09\/WhatsApp-Image-2021-09-18-at-12.34.55-AM-1.jpeg\" \/>\n\t<meta property=\"og:image:width\" content=\"1080\" \/>\n\t<meta property=\"og:image:height\" content=\"1080\" \/>\n\t<meta property=\"og:image:type\" content=\"image\/jpeg\" \/>\n<meta name=\"twitter:card\" content=\"summary_large_image\" \/>\n<script type=\"application\/ld+json\" class=\"yoast-schema-graph\">{\"@context\":\"https:\\\/\\\/schema.org\",\"@graph\":[{\"@type\":\"WebPage\",\"@id\":\"https:\\\/\\\/respiramismares.com\\\/cursos-online\\\/producto\\\/cuota-unica-acceso-total\\\/\",\"url\":\"https:\\\/\\\/respiramismares.com\\\/cursos-online\\\/producto\\\/cuota-unica-acceso-total\\\/\",\"name\":\"Full Acceso a Todas las Formaciones - Respira Mis Mares\",\"isPartOf\":{\"@id\":\"https:\\\/\\\/respiramismares.com\\\/cursos-online\\\/#website\"},\"primaryImageOfPage\":{\"@id\":\"https:\\\/\\\/respiramismares.com\\\/cursos-online\\\/producto\\\/cuota-unica-acceso-total\\\/#primaryimage\"},\"image\":{\"@id\":\"https:\\\/\\\/respiramismares.com\\\/cursos-online\\\/producto\\\/cuota-unica-acceso-total\\\/#primaryimage\"},\"thumbnailUrl\":\"https:\\\/\\\/respiramismares.com\\\/cursos-online\\\/wp-content\\\/uploads\\\/2021\\\/09\\\/WhatsApp-Image-2021-09-18-at-12.34.55-AM-1.jpeg\",\"datePublished\":\"2021-09-14T20:13:12+00:00\",\"dateModified\":\"2026-04-08T18:35:26+00:00\",\"breadcrumb\":{\"@id\":\"https:\\\/\\\/respiramismares.com\\\/cursos-online\\\/producto\\\/cuota-unica-acceso-total\\\/#breadcrumb\"},\"inLanguage\":\"es\",\"potentialAction\":[{\"@type\":\"ReadAction\",\"target\":[\"https:\\\/\\\/respiramismares.com\\\/cursos-online\\\/producto\\\/cuota-unica-acceso-total\\\/\"]}]},{\"@type\":\"ImageObject\",\"inLanguage\":\"es\",\"@id\":\"https:\\\/\\\/respiramismares.com\\\/cursos-online\\\/producto\\\/cuota-unica-acceso-total\\\/#primaryimage\",\"url\":\"https:\\\/\\\/respiramismares.com\\\/cursos-online\\\/wp-content\\\/uploads\\\/2021\\\/09\\\/WhatsApp-Image-2021-09-18-at-12.34.55-AM-1.jpeg\",\"contentUrl\":\"https:\\\/\\\/respiramismares.com\\\/cursos-online\\\/wp-content\\\/uploads\\\/2021\\\/09\\\/WhatsApp-Image-2021-09-18-at-12.34.55-AM-1.jpeg\",\"width\":1080,\"height\":1080},{\"@type\":\"BreadcrumbList\",\"@id\":\"https:\\\/\\\/respiramismares.com\\\/cursos-online\\\/producto\\\/cuota-unica-acceso-total\\\/#breadcrumb\",\"itemListElement\":[{\"@type\":\"ListItem\",\"position\":1,\"name\":\"Home\",\"item\":\"https:\\\/\\\/respiramismares.com\\\/cursos-online\\\/\"},{\"@type\":\"ListItem\",\"position\":2,\"name\":\"Tienda\",\"item\":\"https:\\\/\\\/respiramismares.com\\\/cursos-online\\\/tienda\\\/\"},{\"@type\":\"ListItem\",\"position\":3,\"name\":\"Full Acceso a Todas las Formaciones\"}]},{\"@type\":\"WebSite\",\"@id\":\"https:\\\/\\\/respiramismares.com\\\/cursos-online\\\/#website\",\"url\":\"https:\\\/\\\/respiramismares.com\\\/cursos-online\\\/\",\"name\":\"Respira Mis Mares\",\"description\":\"Camila Fern\u00e1ndez\",\"publisher\":{\"@id\":\"https:\\\/\\\/respiramismares.com\\\/cursos-online\\\/#organization\"},\"alternateName\":\"Camila Fern\u00e1ndez - Psicoterapeuta Cu\u00e1ntica y Gu\u00eda Bienestar mental, emocional y espiritual\",\"potentialAction\":[{\"@type\":\"SearchAction\",\"target\":{\"@type\":\"EntryPoint\",\"urlTemplate\":\"https:\\\/\\\/respiramismares.com\\\/cursos-online\\\/?s={search_term_string}\"},\"query-input\":{\"@type\":\"PropertyValueSpecification\",\"valueRequired\":true,\"valueName\":\"search_term_string\"}}],\"inLanguage\":\"es\"},{\"@type\":\"Organization\",\"@id\":\"https:\\\/\\\/respiramismares.com\\\/cursos-online\\\/#organization\",\"name\":\"Respira Mis Mares\",\"alternateName\":\"Camila Fern\u00e1ndez - Psicoterapeuta Cu\u00e1ntica y Gu\u00eda Bienestar mental, emocional y espiritual\",\"url\":\"https:\\\/\\\/respiramismares.com\\\/cursos-online\\\/\",\"logo\":{\"@type\":\"ImageObject\",\"inLanguage\":\"es\",\"@id\":\"https:\\\/\\\/respiramismares.com\\\/cursos-online\\\/#\\\/schema\\\/logo\\\/image\\\/\",\"url\":\"https:\\\/\\\/respiramismares.com\\\/cursos-online\\\/wp-content\\\/uploads\\\/2021\\\/01\\\/logop2.png\",\"contentUrl\":\"https:\\\/\\\/respiramismares.com\\\/cursos-online\\\/wp-content\\\/uploads\\\/2021\\\/01\\\/logop2.png\",\"width\":972,\"height\":259,\"caption\":\"Respira Mis Mares\"},\"image\":{\"@id\":\"https:\\\/\\\/respiramismares.com\\\/cursos-online\\\/#\\\/schema\\\/logo\\\/image\\\/\"},\"sameAs\":[\"https:\\\/\\\/www.facebook.com\\\/respiramismares\\\/\",\"https:\\\/\\\/www.instagram.com\\\/respiramismares\\\/\"]}]}<\/script>\n<!-- \/ Yoast SEO plugin. -->","yoast_head_json":{"title":"Full Acceso a Todas las Formaciones - Respira Mis Mares","robots":{"index":"index","follow":"follow","max-snippet":"max-snippet:-1","max-image-preview":"max-image-preview:large","max-video-preview":"max-video-preview:-1"},"canonical":"https:\/\/respiramismares.com\/cursos-online\/producto\/cuota-unica-acceso-total\/","og_locale":"es_ES","og_type":"article","og_title":"Full Acceso a Todas las Formaciones - Respira Mis Mares","og_description":"Esta propuesta est\u00e1 enmarcada en una Metodolog\u00eda que posee como caracter\u00edstica ofrecer un proceso autogestionado del aprendizaje y de acuerdo a la diversidad de necesidades del estudiante, donde cada uno podr\u00e1 administrar los contenidos en los tiempos que disponga. Mientras estudias podr\u00e1s tambi\u00e9n ofrecer las formaciones y obtener ganancias por ello, teniendo acceso total a todas las formaciones, grupo privado de WhatsApp masterclass semanales, actividades, talleres, meditaciones guiadas, desarrollo de emprendedores, entre otros. Ante Cualquier duda podes consultarnos las diferentes formas de pago\u00a0 WhatsApp","og_url":"https:\/\/respiramismares.com\/cursos-online\/producto\/cuota-unica-acceso-total\/","og_site_name":"Respira Mis Mares","article_publisher":"https:\/\/www.facebook.com\/respiramismares\/","article_modified_time":"2026-04-08T18:35:26+00:00","og_image":[{"width":1080,"height":1080,"url":"https:\/\/respiramismares.com\/cursos-online\/wp-content\/uploads\/2021\/09\/WhatsApp-Image-2021-09-18-at-12.34.55-AM-1.jpeg","type":"image\/jpeg"}],"twitter_card":"summary_large_image","schema":{"@context":"https:\/\/schema.org","@graph":[{"@type":"WebPage","@id":"https:\/\/respiramismares.com\/cursos-online\/producto\/cuota-unica-acceso-total\/","url":"https:\/\/respiramismares.com\/cursos-online\/producto\/cuota-unica-acceso-total\/","name":"Full Acceso a Todas las Formaciones - Respira Mis Mares","isPartOf":{"@id":"https:\/\/respiramismares.com\/cursos-online\/#website"},"primaryImageOfPage":{"@id":"https:\/\/respiramismares.com\/cursos-online\/producto\/cuota-unica-acceso-total\/#primaryimage"},"image":{"@id":"https:\/\/respiramismares.com\/cursos-online\/producto\/cuota-unica-acceso-total\/#primaryimage"},"thumbnailUrl":"https:\/\/respiramismares.com\/cursos-online\/wp-content\/uploads\/2021\/09\/WhatsApp-Image-2021-09-18-at-12.34.55-AM-1.jpeg","datePublished":"2021-09-14T20:13:12+00:00","dateModified":"2026-04-08T18:35:26+00:00","breadcrumb":{"@id":"https:\/\/respiramismares.com\/cursos-online\/producto\/cuota-unica-acceso-total\/#breadcrumb"},"inLanguage":"es","potentialAction":[{"@type":"ReadAction","target":["https:\/\/respiramismares.com\/cursos-online\/producto\/cuota-unica-acceso-total\/"]}]},{"@type":"ImageObject","inLanguage":"es","@id":"https:\/\/respiramismares.com\/cursos-online\/producto\/cuota-unica-acceso-total\/#primaryimage","url":"https:\/\/respiramismares.com\/cursos-online\/wp-content\/uploads\/2021\/09\/WhatsApp-Image-2021-09-18-at-12.34.55-AM-1.jpeg","contentUrl":"https:\/\/respiramismares.com\/cursos-online\/wp-content\/uploads\/2021\/09\/WhatsApp-Image-2021-09-18-at-12.34.55-AM-1.jpeg","width":1080,"height":1080},{"@type":"BreadcrumbList","@id":"https:\/\/respiramismares.com\/cursos-online\/producto\/cuota-unica-acceso-total\/#breadcrumb","itemListElement":[{"@type":"ListItem","position":1,"name":"Home","item":"https:\/\/respiramismares.com\/cursos-online\/"},{"@type":"ListItem","position":2,"name":"Tienda","item":"https:\/\/respiramismares.com\/cursos-online\/tienda\/"},{"@type":"ListItem","position":3,"name":"Full Acceso a Todas las Formaciones"}]},{"@type":"WebSite","@id":"https:\/\/respiramismares.com\/cursos-online\/#website","url":"https:\/\/respiramismares.com\/cursos-online\/","name":"Respira Mis Mares","description":"Camila Fern\u00e1ndez","publisher":{"@id":"https:\/\/respiramismares.com\/cursos-online\/#organization"},"alternateName":"Camila Fern\u00e1ndez - Psicoterapeuta Cu\u00e1ntica y Gu\u00eda Bienestar mental, emocional y espiritual","potentialAction":[{"@type":"SearchAction","target":{"@type":"EntryPoint","urlTemplate":"https:\/\/respiramismares.com\/cursos-online\/?s={search_term_string}"},"query-input":{"@type":"PropertyValueSpecification","valueRequired":true,"valueName":"search_term_string"}}],"inLanguage":"es"},{"@type":"Organization","@id":"https:\/\/respiramismares.com\/cursos-online\/#organization","name":"Respira Mis Mares","alternateName":"Camila Fern\u00e1ndez - Psicoterapeuta Cu\u00e1ntica y Gu\u00eda Bienestar mental, emocional y espiritual","url":"https:\/\/respiramismares.com\/cursos-online\/","logo":{"@type":"ImageObject","inLanguage":"es","@id":"https:\/\/respiramismares.com\/cursos-online\/#\/schema\/logo\/image\/","url":"https:\/\/respiramismares.com\/cursos-online\/wp-content\/uploads\/2021\/01\/logop2.png","contentUrl":"https:\/\/respiramismares.com\/cursos-online\/wp-content\/uploads\/2021\/01\/logop2.png","width":972,"height":259,"caption":"Respira Mis Mares"},"image":{"@id":"https:\/\/respiramismares.com\/cursos-online\/#\/schema\/logo\/image\/"},"sameAs":["https:\/\/www.facebook.com\/respiramismares\/","https:\/\/www.instagram.com\/respiramismares\/"]}]}},"_links":{"self":[{"href":"https:\/\/respiramismares.com\/cursos-online\/wp-json\/wp\/v2\/product\/2576","targetHints":{"allow":["GET"]}}],"collection":[{"href":"https:\/\/respiramismares.com\/cursos-online\/wp-json\/wp\/v2\/product"}],"about":[{"href":"https:\/\/respiramismares.com\/cursos-online\/wp-json\/wp\/v2\/types\/product"}],"wp:featuredmedia":[{"embeddable":true,"href":"https:\/\/respiramismares.com\/cursos-online\/wp-json\/wp\/v2\/media\/2598"}],"wp:attachment":[{"href":"https:\/\/respiramismares.com\/cursos-online\/wp-json\/wp\/v2\/media?parent=2576"}],"wp:term":[{"taxonomy":"product_brand","embeddable":true,"href":"https:\/\/respiramismares.com\/cursos-online\/wp-json\/wp\/v2\/product_brand?post=2576"},{"taxonomy":"product_cat","embeddable":true,"href":"https:\/\/respiramismares.com\/cursos-online\/wp-json\/wp\/v2\/product_cat?post=2576"},{"taxonomy":"product_tag","embeddable":true,"href":"https:\/\/respiramismares.com\/cursos-online\/wp-json\/wp\/v2\/product_tag?post=2576"}],"curies":[{"name":"wp","href":"https:\/\/api.w.org\/{rel}","templated":true}]}}