{"id":2519,"date":"2021-06-30T22:24:52","date_gmt":"2021-06-30T22:24:52","guid":{"rendered":"https:\/\/camilafernandezargenziano.com\/cursos-online\/?post_type=product&#038;p=2519"},"modified":"2026-03-27T19:24:51","modified_gmt":"2026-03-27T19:24:51","slug":"pendulo-egipcio","status":"publish","type":"product","link":"https:\/\/respiramismares.com\/cursos-online\/producto\/pendulo-egipcio\/","title":{"rendered":"P\u00e9ndulo Egipcio: Herramienta de Sabidur\u00eda y Conexi\u00f3n Espiritual"},"content":{"rendered":"","protected":false},"excerpt":{"rendered":"<p>Descubre el P\u00e9ndulo Egipcio: una poderosa herramienta de sabidur\u00eda y conexi\u00f3n espiritual. Aprende a emitir y captar energ\u00edas beneficiosas a trav\u00e9s de la Radiestesia. Conecta ps\u00edquicamente con sus antiguos creadores y despliega una energ\u00eda sanadora en tus terapias. Explora c\u00f3mo transmitir respuestas, utilizar tablas para explorar el pasado, presente y futuro, y medir la energ\u00eda. Este hermoso complemento te brindar\u00e1 una experiencia personal y profesional enriquecedora en el campo de las terapias.<\/p>\n<p style=\"padding-left: 40px;\"><strong><br \/>\nConsulta por <\/strong><b>\u00a0<\/b><a style=\"font-weight: bold;\" href=\"https:\/\/wa.me\/+34600802673\">WhatsApp<\/a><\/p>\n<p><span style=\"font-family: arial, helvetica, sans-serif;\">\u00a0<\/span><\/p>\n","protected":false},"featured_media":3576,"template":"","meta":[],"product_brand":[],"product_cat":[34],"product_tag":[],"class_list":{"0":"post-2519","1":"product","2":"type-product","3":"status-publish","4":"has-post-thumbnail","6":"product_cat-cursos","8":"first","9":"instock","10":"sale","11":"shipping-taxable","12":"purchasable","13":"product-type-simple"},"yoast_head":"<!-- This site is optimized with the Yoast SEO plugin v27.3 - https:\/\/yoast.com\/product\/yoast-seo-wordpress\/ -->\n<title>P\u00e9ndulo Egipcio: Herramienta de Sabidur\u00eda y Conexi\u00f3n Espiritual - Respira Mis Mares<\/title>\n<meta name=\"robots\" content=\"index, follow, max-snippet:-1, max-image-preview:large, max-video-preview:-1\" \/>\n<link rel=\"canonical\" href=\"https:\/\/respiramismares.com\/cursos-online\/producto\/pendulo-egipcio\/\" \/>\n<meta property=\"og:locale\" content=\"es_ES\" \/>\n<meta property=\"og:type\" content=\"article\" \/>\n<meta property=\"og:title\" content=\"P\u00e9ndulo Egipcio: Herramienta de Sabidur\u00eda y Conexi\u00f3n Espiritual - Respira Mis Mares\" \/>\n<meta property=\"og:description\" content=\"Descubre el P\u00e9ndulo Egipcio: una poderosa herramienta de sabidur\u00eda y conexi\u00f3n espiritual. Aprende a emitir y captar energ\u00edas beneficiosas a trav\u00e9s de la Radiestesia. Conecta ps\u00edquicamente con sus antiguos creadores y despliega una energ\u00eda sanadora en tus terapias. Explora c\u00f3mo transmitir respuestas, utilizar tablas para explorar el pasado, presente y futuro, y medir la energ\u00eda. Este hermoso complemento te brindar\u00e1 una experiencia personal y profesional enriquecedora en el campo de las terapias.  Consulta por \u00a0WhatsApp \u00a0\" \/>\n<meta property=\"og:url\" content=\"https:\/\/respiramismares.com\/cursos-online\/producto\/pendulo-egipcio\/\" \/>\n<meta property=\"og:site_name\" content=\"Respira Mis Mares\" \/>\n<meta property=\"article:publisher\" content=\"https:\/\/www.facebook.com\/respiramismares\/\" \/>\n<meta property=\"article:modified_time\" content=\"2026-03-27T19:24:51+00:00\" \/>\n<meta property=\"og:image\" content=\"https:\/\/respiramismares.com\/cursos-online\/wp-content\/uploads\/2021\/01\/23CC4FAC-77E7-4B26-BA16-F9BC02BB31C3-scaled.jpeg\" \/>\n\t<meta property=\"og:image:width\" content=\"1920\" \/>\n\t<meta property=\"og:image:height\" content=\"2560\" \/>\n\t<meta property=\"og:image:type\" content=\"image\/jpeg\" \/>\n<meta name=\"twitter:card\" content=\"summary_large_image\" \/>\n<script type=\"application\/ld+json\" class=\"yoast-schema-graph\">{\"@context\":\"https:\\\/\\\/schema.org\",\"@graph\":[{\"@type\":\"WebPage\",\"@id\":\"https:\\\/\\\/respiramismares.com\\\/cursos-online\\\/producto\\\/pendulo-egipcio\\\/\",\"url\":\"https:\\\/\\\/respiramismares.com\\\/cursos-online\\\/producto\\\/pendulo-egipcio\\\/\",\"name\":\"P\u00e9ndulo Egipcio: Herramienta de Sabidur\u00eda y Conexi\u00f3n Espiritual - Respira Mis Mares\",\"isPartOf\":{\"@id\":\"https:\\\/\\\/respiramismares.com\\\/cursos-online\\\/#website\"},\"primaryImageOfPage\":{\"@id\":\"https:\\\/\\\/respiramismares.com\\\/cursos-online\\\/producto\\\/pendulo-egipcio\\\/#primaryimage\"},\"image\":{\"@id\":\"https:\\\/\\\/respiramismares.com\\\/cursos-online\\\/producto\\\/pendulo-egipcio\\\/#primaryimage\"},\"thumbnailUrl\":\"https:\\\/\\\/respiramismares.com\\\/cursos-online\\\/wp-content\\\/uploads\\\/2021\\\/01\\\/23CC4FAC-77E7-4B26-BA16-F9BC02BB31C3-scaled.jpeg\",\"datePublished\":\"2021-06-30T22:24:52+00:00\",\"dateModified\":\"2026-03-27T19:24:51+00:00\",\"breadcrumb\":{\"@id\":\"https:\\\/\\\/respiramismares.com\\\/cursos-online\\\/producto\\\/pendulo-egipcio\\\/#breadcrumb\"},\"inLanguage\":\"es\",\"potentialAction\":[{\"@type\":\"ReadAction\",\"target\":[\"https:\\\/\\\/respiramismares.com\\\/cursos-online\\\/producto\\\/pendulo-egipcio\\\/\"]}]},{\"@type\":\"ImageObject\",\"inLanguage\":\"es\",\"@id\":\"https:\\\/\\\/respiramismares.com\\\/cursos-online\\\/producto\\\/pendulo-egipcio\\\/#primaryimage\",\"url\":\"https:\\\/\\\/respiramismares.com\\\/cursos-online\\\/wp-content\\\/uploads\\\/2021\\\/01\\\/23CC4FAC-77E7-4B26-BA16-F9BC02BB31C3-scaled.jpeg\",\"contentUrl\":\"https:\\\/\\\/respiramismares.com\\\/cursos-online\\\/wp-content\\\/uploads\\\/2021\\\/01\\\/23CC4FAC-77E7-4B26-BA16-F9BC02BB31C3-scaled.jpeg\",\"width\":1920,\"height\":2560},{\"@type\":\"BreadcrumbList\",\"@id\":\"https:\\\/\\\/respiramismares.com\\\/cursos-online\\\/producto\\\/pendulo-egipcio\\\/#breadcrumb\",\"itemListElement\":[{\"@type\":\"ListItem\",\"position\":1,\"name\":\"Home\",\"item\":\"https:\\\/\\\/respiramismares.com\\\/cursos-online\\\/\"},{\"@type\":\"ListItem\",\"position\":2,\"name\":\"Tienda\",\"item\":\"https:\\\/\\\/respiramismares.com\\\/cursos-online\\\/tienda\\\/\"},{\"@type\":\"ListItem\",\"position\":3,\"name\":\"P\u00e9ndulo Egipcio: Herramienta de Sabidur\u00eda y Conexi\u00f3n Espiritual\"}]},{\"@type\":\"WebSite\",\"@id\":\"https:\\\/\\\/respiramismares.com\\\/cursos-online\\\/#website\",\"url\":\"https:\\\/\\\/respiramismares.com\\\/cursos-online\\\/\",\"name\":\"Respira Mis Mares\",\"description\":\"Camila Fern\u00e1ndez\",\"publisher\":{\"@id\":\"https:\\\/\\\/respiramismares.com\\\/cursos-online\\\/#organization\"},\"alternateName\":\"Camila Fern\u00e1ndez - Psicoterapeuta Cu\u00e1ntica y Gu\u00eda Bienestar mental, emocional y espiritual\",\"potentialAction\":[{\"@type\":\"SearchAction\",\"target\":{\"@type\":\"EntryPoint\",\"urlTemplate\":\"https:\\\/\\\/respiramismares.com\\\/cursos-online\\\/?s={search_term_string}\"},\"query-input\":{\"@type\":\"PropertyValueSpecification\",\"valueRequired\":true,\"valueName\":\"search_term_string\"}}],\"inLanguage\":\"es\"},{\"@type\":\"Organization\",\"@id\":\"https:\\\/\\\/respiramismares.com\\\/cursos-online\\\/#organization\",\"name\":\"Respira Mis Mares\",\"alternateName\":\"Camila Fern\u00e1ndez - Psicoterapeuta Cu\u00e1ntica y Gu\u00eda Bienestar mental, emocional y espiritual\",\"url\":\"https:\\\/\\\/respiramismares.com\\\/cursos-online\\\/\",\"logo\":{\"@type\":\"ImageObject\",\"inLanguage\":\"es\",\"@id\":\"https:\\\/\\\/respiramismares.com\\\/cursos-online\\\/#\\\/schema\\\/logo\\\/image\\\/\",\"url\":\"https:\\\/\\\/respiramismares.com\\\/cursos-online\\\/wp-content\\\/uploads\\\/2021\\\/01\\\/logop2.png\",\"contentUrl\":\"https:\\\/\\\/respiramismares.com\\\/cursos-online\\\/wp-content\\\/uploads\\\/2021\\\/01\\\/logop2.png\",\"width\":972,\"height\":259,\"caption\":\"Respira Mis Mares\"},\"image\":{\"@id\":\"https:\\\/\\\/respiramismares.com\\\/cursos-online\\\/#\\\/schema\\\/logo\\\/image\\\/\"},\"sameAs\":[\"https:\\\/\\\/www.facebook.com\\\/respiramismares\\\/\",\"https:\\\/\\\/www.instagram.com\\\/respiramismares\\\/\"]}]}<\/script>\n<!-- \/ Yoast SEO plugin. -->","yoast_head_json":{"title":"P\u00e9ndulo Egipcio: Herramienta de Sabidur\u00eda y Conexi\u00f3n Espiritual - Respira Mis Mares","robots":{"index":"index","follow":"follow","max-snippet":"max-snippet:-1","max-image-preview":"max-image-preview:large","max-video-preview":"max-video-preview:-1"},"canonical":"https:\/\/respiramismares.com\/cursos-online\/producto\/pendulo-egipcio\/","og_locale":"es_ES","og_type":"article","og_title":"P\u00e9ndulo Egipcio: Herramienta de Sabidur\u00eda y Conexi\u00f3n Espiritual - Respira Mis Mares","og_description":"Descubre el P\u00e9ndulo Egipcio: una poderosa herramienta de sabidur\u00eda y conexi\u00f3n espiritual. Aprende a emitir y captar energ\u00edas beneficiosas a trav\u00e9s de la Radiestesia. Conecta ps\u00edquicamente con sus antiguos creadores y despliega una energ\u00eda sanadora en tus terapias. Explora c\u00f3mo transmitir respuestas, utilizar tablas para explorar el pasado, presente y futuro, y medir la energ\u00eda. Este hermoso complemento te brindar\u00e1 una experiencia personal y profesional enriquecedora en el campo de las terapias.  Consulta por \u00a0WhatsApp \u00a0","og_url":"https:\/\/respiramismares.com\/cursos-online\/producto\/pendulo-egipcio\/","og_site_name":"Respira Mis Mares","article_publisher":"https:\/\/www.facebook.com\/respiramismares\/","article_modified_time":"2026-03-27T19:24:51+00:00","og_image":[{"width":1920,"height":2560,"url":"https:\/\/respiramismares.com\/cursos-online\/wp-content\/uploads\/2021\/01\/23CC4FAC-77E7-4B26-BA16-F9BC02BB31C3-scaled.jpeg","type":"image\/jpeg"}],"twitter_card":"summary_large_image","schema":{"@context":"https:\/\/schema.org","@graph":[{"@type":"WebPage","@id":"https:\/\/respiramismares.com\/cursos-online\/producto\/pendulo-egipcio\/","url":"https:\/\/respiramismares.com\/cursos-online\/producto\/pendulo-egipcio\/","name":"P\u00e9ndulo Egipcio: Herramienta de Sabidur\u00eda y Conexi\u00f3n Espiritual - Respira Mis Mares","isPartOf":{"@id":"https:\/\/respiramismares.com\/cursos-online\/#website"},"primaryImageOfPage":{"@id":"https:\/\/respiramismares.com\/cursos-online\/producto\/pendulo-egipcio\/#primaryimage"},"image":{"@id":"https:\/\/respiramismares.com\/cursos-online\/producto\/pendulo-egipcio\/#primaryimage"},"thumbnailUrl":"https:\/\/respiramismares.com\/cursos-online\/wp-content\/uploads\/2021\/01\/23CC4FAC-77E7-4B26-BA16-F9BC02BB31C3-scaled.jpeg","datePublished":"2021-06-30T22:24:52+00:00","dateModified":"2026-03-27T19:24:51+00:00","breadcrumb":{"@id":"https:\/\/respiramismares.com\/cursos-online\/producto\/pendulo-egipcio\/#breadcrumb"},"inLanguage":"es","potentialAction":[{"@type":"ReadAction","target":["https:\/\/respiramismares.com\/cursos-online\/producto\/pendulo-egipcio\/"]}]},{"@type":"ImageObject","inLanguage":"es","@id":"https:\/\/respiramismares.com\/cursos-online\/producto\/pendulo-egipcio\/#primaryimage","url":"https:\/\/respiramismares.com\/cursos-online\/wp-content\/uploads\/2021\/01\/23CC4FAC-77E7-4B26-BA16-F9BC02BB31C3-scaled.jpeg","contentUrl":"https:\/\/respiramismares.com\/cursos-online\/wp-content\/uploads\/2021\/01\/23CC4FAC-77E7-4B26-BA16-F9BC02BB31C3-scaled.jpeg","width":1920,"height":2560},{"@type":"BreadcrumbList","@id":"https:\/\/respiramismares.com\/cursos-online\/producto\/pendulo-egipcio\/#breadcrumb","itemListElement":[{"@type":"ListItem","position":1,"name":"Home","item":"https:\/\/respiramismares.com\/cursos-online\/"},{"@type":"ListItem","position":2,"name":"Tienda","item":"https:\/\/respiramismares.com\/cursos-online\/tienda\/"},{"@type":"ListItem","position":3,"name":"P\u00e9ndulo Egipcio: Herramienta de Sabidur\u00eda y Conexi\u00f3n Espiritual"}]},{"@type":"WebSite","@id":"https:\/\/respiramismares.com\/cursos-online\/#website","url":"https:\/\/respiramismares.com\/cursos-online\/","name":"Respira Mis Mares","description":"Camila Fern\u00e1ndez","publisher":{"@id":"https:\/\/respiramismares.com\/cursos-online\/#organization"},"alternateName":"Camila Fern\u00e1ndez - Psicoterapeuta Cu\u00e1ntica y Gu\u00eda Bienestar mental, emocional y espiritual","potentialAction":[{"@type":"SearchAction","target":{"@type":"EntryPoint","urlTemplate":"https:\/\/respiramismares.com\/cursos-online\/?s={search_term_string}"},"query-input":{"@type":"PropertyValueSpecification","valueRequired":true,"valueName":"search_term_string"}}],"inLanguage":"es"},{"@type":"Organization","@id":"https:\/\/respiramismares.com\/cursos-online\/#organization","name":"Respira Mis Mares","alternateName":"Camila Fern\u00e1ndez - Psicoterapeuta Cu\u00e1ntica y Gu\u00eda Bienestar mental, emocional y espiritual","url":"https:\/\/respiramismares.com\/cursos-online\/","logo":{"@type":"ImageObject","inLanguage":"es","@id":"https:\/\/respiramismares.com\/cursos-online\/#\/schema\/logo\/image\/","url":"https:\/\/respiramismares.com\/cursos-online\/wp-content\/uploads\/2021\/01\/logop2.png","contentUrl":"https:\/\/respiramismares.com\/cursos-online\/wp-content\/uploads\/2021\/01\/logop2.png","width":972,"height":259,"caption":"Respira Mis Mares"},"image":{"@id":"https:\/\/respiramismares.com\/cursos-online\/#\/schema\/logo\/image\/"},"sameAs":["https:\/\/www.facebook.com\/respiramismares\/","https:\/\/www.instagram.com\/respiramismares\/"]}]}},"_links":{"self":[{"href":"https:\/\/respiramismares.com\/cursos-online\/wp-json\/wp\/v2\/product\/2519","targetHints":{"allow":["GET"]}}],"collection":[{"href":"https:\/\/respiramismares.com\/cursos-online\/wp-json\/wp\/v2\/product"}],"about":[{"href":"https:\/\/respiramismares.com\/cursos-online\/wp-json\/wp\/v2\/types\/product"}],"wp:featuredmedia":[{"embeddable":true,"href":"https:\/\/respiramismares.com\/cursos-online\/wp-json\/wp\/v2\/media\/3576"}],"wp:attachment":[{"href":"https:\/\/respiramismares.com\/cursos-online\/wp-json\/wp\/v2\/media?parent=2519"}],"wp:term":[{"taxonomy":"product_brand","embeddable":true,"href":"https:\/\/respiramismares.com\/cursos-online\/wp-json\/wp\/v2\/product_brand?post=2519"},{"taxonomy":"product_cat","embeddable":true,"href":"https:\/\/respiramismares.com\/cursos-online\/wp-json\/wp\/v2\/product_cat?post=2519"},{"taxonomy":"product_tag","embeddable":true,"href":"https:\/\/respiramismares.com\/cursos-online\/wp-json\/wp\/v2\/product_tag?post=2519"}],"curies":[{"name":"wp","href":"https:\/\/api.w.org\/{rel}","templated":true}]}}